{"id":1422,"date":"2017-05-07T11:22:29","date_gmt":"2017-05-07T09:22:29","guid":{"rendered":"http:\/\/www.waechtomat.de\/?lang=en"},"modified":"2019-02-26T09:52:21","modified_gmt":"2019-02-26T08:52:21","slug":"home","status":"publish","type":"page","link":"https:\/\/www.waechtomat.de\/en\/","title":{"rendered":"HOME"},"content":{"rendered":"<p>[et_pb_section fb_built=&#8221;1&#8243; custom_width_px=&#8221;1080&#8243; admin_label=&#8221;section&#8221; _builder_version=&#8221;3.0.74&#8243; custom_padding=&#8221;30px|||&#8221; transparent_background=&#8221;off&#8221;][et_pb_row custom_width_px=&#8221;1080&#8243; parallax_method_1=&#8221;off&#8221; parallax_method_2=&#8221;off&#8221; admin_label=&#8221;row&#8221; _builder_version=&#8221;3.0.48&#8243; background_size=&#8221;initial&#8221; background_position=&#8221;top_left&#8221; background_repeat=&#8221;repeat&#8221;][et_pb_column type=&#8221;1_2&#8243; _builder_version=&#8221;3.0.47&#8243;][et_pb_image src=&#8221;https:\/\/www.waechtomat.de\/wp-content\/uploads\/2017\/03\/waechtomat.jpg&#8221; url=&#8221;https:\/\/www.waechtomat.de\/en\/the-waechtomat\/&#8221; show_bottom_space=&#8221;off&#8221; admin_label=&#8221;Grafik: W\u00e4chtomat&#8221; _builder_version=&#8221;3.0.87&#8243; custom_css_main_element=&#8221;background-color:#a59469;&#8221; animation=&#8221;off&#8221; sticky=&#8221;on&#8221; use_border_color=&#8221;off&#8221; border_color=&#8221;#ffffff&#8221; border_width=&#8221;1&#8243; border_style=&#8221;solid&#8221;][\/et_pb_image][et_pb_image src=&#8221;https:\/\/www.waechtomat.de\/wp-content\/uploads\/2017\/03\/Hauptseite_DSC_1363.jpg&#8221; url=&#8221;https:\/\/www.waechtomat.de\/en\/the-waechtomat\/&#8221; show_bottom_space=&#8221;off&#8221; admin_label=&#8221;Foto W\u00e4chtomat&#8221; _builder_version=&#8221;3.0.87&#8243; animation=&#8221;off&#8221; sticky=&#8221;on&#8221; use_border_color=&#8221;off&#8221; border_color=&#8221;#ffffff&#8221; border_width=&#8221;1&#8243; border_style=&#8221;solid&#8221;][\/et_pb_image][et_pb_testimonial quote_icon=&#8221;off&#8221; portrait_width=&#8221;200&#8243; portrait_height=&#8221;91&#8243; disabled_on=&#8221;off|off|off&#8221; admin_label=&#8221;Text&#8221; _builder_version=&#8221;3.2&#8243; body_font=&#8221;Roboto|on|||&#8221; body_text_color=&#8221;#000000&#8243; body_font_size=&#8221;16&#8243; body_letter_spacing=&#8221;0&#8243; body_line_height=&#8221;1.5&#8243; background_color=&#8221;#cfc6af&#8221; background_size=&#8221;initial&#8221; background_position=&#8221;top_left&#8221; background_repeat=&#8221;repeat&#8221; border_radii_portrait=&#8221;on|100px|100px|100px|100px&#8221; custom_margin=&#8221;||0px|&#8221; custom_padding=&#8221;||0px|&#8221; use_border_color=&#8221;off&#8221; border_color=&#8221;#ffffff&#8221; border_width=&#8221;1&#8243; border_style=&#8221;solid&#8221; portrait_border_radius=&#8221;100&#8243;]In fact, our W\u00c4CHTOMAT was the very first foaling alarm system available in the world in 1977 and today, more than 40 years later, it is still one of the most reliable of its kind.<\/p>\n<p><span style=\"color: #6f5e1e;\"><a style=\"color: #6f5e1e;\" href=\"https:\/\/www.waechtomat.de\/en\/the-waechtomat\/\"><strong>more information&#8230;<\/strong><\/a><\/span><br \/>\n[\/et_pb_testimonial][\/et_pb_column][et_pb_column type=&#8221;1_2&#8243; _builder_version=&#8221;3.0.47&#8243;][et_pb_image src=&#8221;https:\/\/www.waechtomat.de\/wp-content\/uploads\/2017\/03\/inhalator.jpg&#8221; url=&#8221;https:\/\/www.waechtomat.de\/en\/the-kegel-inhaler\/&#8221; show_bottom_space=&#8221;off&#8221; admin_label=&#8221;Grafik: Kegel Inhalator&#8221; _builder_version=&#8221;3.0.87&#8243; custom_css_main_element=&#8221;background-color:#a59469;&#8221; animation=&#8221;off&#8221; sticky=&#8221;on&#8221; use_border_color=&#8221;off&#8221; border_color=&#8221;#ffffff&#8221; border_width=&#8221;1&#8243; border_style=&#8221;solid&#8221;][\/et_pb_image][et_pb_image src=&#8221;https:\/\/www.waechtomat.de\/wp-content\/uploads\/2017\/03\/Hauptseite_DSC_1463.jpg&#8221; url=&#8221;https:\/\/www.waechtomat.de\/en\/the-kegel-inhaler\/&#8221; show_bottom_space=&#8221;off&#8221; admin_label=&#8221;Foto Inhalator&#8221; _builder_version=&#8221;3.0.87&#8243; animation=&#8221;off&#8221; sticky=&#8221;on&#8221; use_border_color=&#8221;off&#8221; border_color=&#8221;#ffffff&#8221; border_width=&#8221;1&#8243; border_style=&#8221;solid&#8221;][\/et_pb_image][et_pb_testimonial quote_icon=&#8221;off&#8221; portrait_width=&#8221;200&#8243; portrait_height=&#8221;91&#8243; disabled_on=&#8221;off|off|off&#8221; admin_label=&#8221;Text&#8221; _builder_version=&#8221;3.2&#8243; body_font=&#8221;Roboto|on|||&#8221; body_text_color=&#8221;#000000&#8243; body_font_size=&#8221;16&#8243; body_letter_spacing=&#8221;0&#8243; body_line_height=&#8221;1.5&#8243; background_color=&#8221;#cfc6af&#8221; background_size=&#8221;initial&#8221; background_position=&#8221;top_left&#8221; background_repeat=&#8221;repeat&#8221; border_radii_portrait=&#8221;on|100px|100px|100px|100px&#8221; custom_margin=&#8221;||0px|&#8221; custom_padding=&#8221;||23px|&#8221; use_border_color=&#8221;off&#8221; border_color=&#8221;#ffffff&#8221; border_width=&#8221;1&#8243; border_style=&#8221;solid&#8221; portrait_border_radius=&#8221;100&#8243;]Since 1979 the KEGEL INHALER has been used successfully to treat horses that have not responded to any other therapies.<\/p>\n<p><a href=\"https:\/\/www.waechtomat.de\/en\/the-kegel-inhaler\/\"><strong>more information\u2026<\/strong><\/a><br \/>\n[\/et_pb_testimonial][\/et_pb_column][\/et_pb_row][et_pb_row make_fullwidth=&#8221;on&#8221; custom_width_px=&#8221;1080&#8243; custom_padding=&#8221;||50px|&#8221; parallax_method_1=&#8221;off&#8221; parallax_method_2=&#8221;off&#8221; parallax_method_3=&#8221;off&#8221; admin_label=&#8221;row&#8221; _builder_version=&#8221;3.0.48&#8243; background_size=&#8221;initial&#8221; background_position=&#8221;top_left&#8221; background_repeat=&#8221;repeat&#8221;][et_pb_column type=&#8221;1_3&#8243; _builder_version=&#8221;3.0.47&#8243;][et_pb_image src=&#8221;https:\/\/www.waechtomat.de\/wp-content\/uploads\/2017\/05\/40th-company-anniversary-en-1.jpg&#8221; url=&#8221;https:\/\/www.waechtomat.de\/en\/40th-company-anniversary\/&#8221; show_bottom_space=&#8221;off&#8221; admin_label=&#8221;Grafik: 40 j\u00e4hriges Firmen Jubil\u00e4um&#8221; _builder_version=&#8221;3.0.87&#8243; custom_css_main_element=&#8221;background-color:#a59469;&#8221; animation=&#8221;off&#8221; sticky=&#8221;on&#8221; use_border_color=&#8221;off&#8221; border_color=&#8221;#ffffff&#8221; border_width=&#8221;1&#8243; border_style=&#8221;solid&#8221;][\/et_pb_image][et_pb_image src=&#8221;https:\/\/www.waechtomat.de\/wp-content\/uploads\/2017\/03\/AKG-Firmenjubilarum-FrontPage-5-1.jpg&#8221; url=&#8221;https:\/\/www.waechtomat.de\/en\/40th-company-anniversary\/&#8221; show_bottom_space=&#8221;off&#8221; admin_label=&#8221;Foto: Jubil\u00e4um&#8221; _builder_version=&#8221;3.0.87&#8243; animation=&#8221;off&#8221; sticky=&#8221;on&#8221; use_border_color=&#8221;off&#8221; border_color=&#8221;#ffffff&#8221; border_width=&#8221;1&#8243; border_style=&#8221;solid&#8221;][\/et_pb_image][et_pb_testimonial author=&#8221;more information&#8230;&#8221; url=&#8221;https:\/\/www.waechtomat.de\/en\/40th-company-anniversary\/&#8221; quote_icon=&#8221;off&#8221; portrait_width=&#8221;200&#8243; portrait_height=&#8221;91&#8243; disabled_on=&#8221;off|off|off&#8221; admin_label=&#8221;Text&#8221; _builder_version=&#8221;3.2&#8243; body_font=&#8221;Roboto|on|||&#8221; body_text_color=&#8221;#000000&#8243; body_letter_spacing=&#8221;0&#8243; body_line_height=&#8221;1.5&#8243; background_color=&#8221;#cfc6af&#8221; background_size=&#8221;initial&#8221; background_position=&#8221;top_left&#8221; background_repeat=&#8221;repeat&#8221; border_radii_portrait=&#8221;on|100px|100px|100px|100px&#8221; custom_padding=&#8221;||20px|&#8221; use_border_color=&#8221;off&#8221; border_color=&#8221;#ffffff&#8221; border_width=&#8221;1&#8243; border_style=&#8221;solid&#8221; portrait_border_radius=&#8221;100&#8243;]In fact, our W\u00c4CHTOMAT was the very first foaling alarm system available in the world in 1977 and today, more than 40 years later, it is still one of the most reliable of its kind.<br \/>\n[\/et_pb_testimonial][\/et_pb_column][et_pb_column type=&#8221;1_3&#8243; _builder_version=&#8221;3.0.47&#8243;][et_pb_image src=&#8221;https:\/\/www.waechtomat.de\/wp-content\/uploads\/2017\/05\/The-Hay-Soaker-1.jpg&#8221; url=&#8221;https:\/\/www.waechtomat.de\/en\/the-hay-soaker\/&#8221; show_bottom_space=&#8221;off&#8221; admin_label=&#8221;Grafik: Portionstr\u00e4nke&#8221; _builder_version=&#8221;3.0.87&#8243; custom_css_main_element=&#8221;background-color:#a59469;&#8221; animation=&#8221;off&#8221; sticky=&#8221;on&#8221; use_border_color=&#8221;off&#8221; border_color=&#8221;#ffffff&#8221; border_width=&#8221;1&#8243; border_style=&#8221;solid&#8221;][\/et_pb_image][et_pb_image src=&#8221;https:\/\/www.waechtomat.de\/wp-content\/uploads\/2017\/03\/AKG-Firmenjubilaum-und-Kontakt-FrontPage-portionstraenke.jpg&#8221; url=&#8221;https:\/\/www.waechtomat.de\/en\/the-hay-soaker\/&#8221; show_bottom_space=&#8221;off&#8221; admin_label=&#8221;Foto: Portionstr\u00e4nke&#8221; _builder_version=&#8221;3.0.87&#8243; animation=&#8221;off&#8221; sticky=&#8221;on&#8221; use_border_color=&#8221;off&#8221; border_color=&#8221;#ffffff&#8221; border_width=&#8221;1&#8243; border_style=&#8221;solid&#8221;][\/et_pb_image][et_pb_testimonial author=&#8221;more information&#8230;&#8221; url=&#8221;https:\/\/www.waechtomat.de\/en\/the-hay-soaker\/&#8221; quote_icon=&#8221;off&#8221; portrait_width=&#8221;200&#8243; portrait_height=&#8221;91&#8243; disabled_on=&#8221;off|off|off&#8221; admin_label=&#8221;Text&#8221; _builder_version=&#8221;3.2&#8243; body_font=&#8221;Roboto|on|||&#8221; body_text_color=&#8221;#000000&#8243; body_letter_spacing=&#8221;0&#8243; body_line_height=&#8221;1.5&#8243; background_color=&#8221;#cfc6af&#8221; background_size=&#8221;initial&#8221; background_position=&#8221;top_left&#8221; background_repeat=&#8221;repeat&#8221; border_radii_portrait=&#8221;on|100px|100px|100px|100px&#8221; custom_padding=&#8221;||40px|&#8221; use_border_color=&#8221;off&#8221; border_color=&#8221;#ffffff&#8221; border_width=&#8221;1&#8243; border_style=&#8221;solid&#8221; portrait_border_radius=&#8221;100&#8243;]Removes dust from portions of feed hay by humidification.<br \/>\nTo that the hay is dipped briefly under water.<br \/>\n[\/et_pb_testimonial][\/et_pb_column][et_pb_column type=&#8221;1_3&#8243; _builder_version=&#8221;3.0.47&#8243;][et_pb_image src=&#8221;https:\/\/www.waechtomat.de\/wp-content\/uploads\/2017\/05\/CONTACT-1.jpg&#8221; url=&#8221;https:\/\/www.waechtomat.de\/kontakt\/&#8221; show_bottom_space=&#8221;off&#8221; admin_label=&#8221;Grafik: Kontakt&#8221; _builder_version=&#8221;3.0.87&#8243; custom_css_main_element=&#8221;background-color:#a59469;&#8221; animation=&#8221;off&#8221; sticky=&#8221;on&#8221; use_border_color=&#8221;off&#8221; border_color=&#8221;#ffffff&#8221; border_width=&#8221;1&#8243; border_style=&#8221;solid&#8221;][\/et_pb_image][et_pb_image src=&#8221;https:\/\/www.waechtomat.de\/wp-content\/uploads\/2017\/03\/AKG-Firmenjubila\u0308um-und-Kontakt-FrontPage-4-2.jpg&#8221; url=&#8221;https:\/\/www.waechtomat.de\/en\/contact\/&#8221; show_bottom_space=&#8221;off&#8221; admin_label=&#8221;Grafik: Reiter (Kontakt)&#8221; _builder_version=&#8221;3.0.87&#8243; animation=&#8221;off&#8221; sticky=&#8221;on&#8221; use_border_color=&#8221;off&#8221; border_color=&#8221;#ffffff&#8221; border_width=&#8221;1&#8243; border_style=&#8221;solid&#8221;][\/et_pb_image][et_pb_testimonial author=&#8221;Contact form&#8230;&#8221; url=&#8221;https:\/\/www.waechtomat.de\/en\/contact\/&#8221; quote_icon=&#8221;off&#8221; portrait_width=&#8221;200&#8243; portrait_height=&#8221;91&#8243; disabled_on=&#8221;off|off|off&#8221; admin_label=&#8221;Text&#8221; _builder_version=&#8221;3.2&#8243; body_font=&#8221;Roboto|on|||&#8221; body_text_color=&#8221;#000000&#8243; body_letter_spacing=&#8221;0&#8243; body_line_height=&#8221;1.5&#8243; background_color=&#8221;#cfc6af&#8221; background_size=&#8221;initial&#8221; background_position=&#8221;top_left&#8221; background_repeat=&#8221;repeat&#8221; border_radii_portrait=&#8221;on|100px|100px|100px|100px&#8221; custom_padding=&#8221;||40px|&#8221; use_border_color=&#8221;off&#8221; border_color=&#8221;#ffffff&#8221; border_width=&#8221;1&#8243; border_style=&#8221;solid&#8221; portrait_border_radius=&#8221;100&#8243;]W\u00e4chtomat Werner Kegel GmbH<br \/>\nAlexander Kegel<br \/>\nTel: 04348-9138672<br \/>\nMobil: 0171-3181025<br \/>\n[\/et_pb_testimonial][\/et_pb_column][\/et_pb_row][\/et_pb_section]<\/p>\n","protected":false},"excerpt":{"rendered":"<p>In fact, our W\u00c4CHTOMAT was the very first foaling alarm system available in the world in 1977 and today, more than 40 years later, it is still one of the most reliable of its kind. more information&#8230; Since 1979 the KEGEL INHALER has been used successfully to treat horses that have not responded to any [&hellip;]<\/p>\n","protected":false},"author":1,"featured_media":0,"parent":0,"menu_order":6,"comment_status":"closed","ping_status":"closed","template":"","meta":{"_et_pb_use_builder":"on","_et_pb_old_content":"","_et_gb_content_width":"","footnotes":""},"class_list":["post-1422","page","type-page","status-publish","hentry"],"yoast_head":"<!-- This site is optimized with the Yoast SEO plugin v27.5 - https:\/\/yoast.com\/product\/yoast-seo-wordpress\/ -->\n<title>W\u00e4chtomat foaling system - rechargeable battery Inhaler for horses<\/title>\n<meta name=\"description\" content=\"In fact, our W\u00c4CHTOMAT was the very first foaling alarm system available in the world in 1977 and today, it is still one of the most reliable of its kind.\" \/>\n<meta name=\"robots\" content=\"index, follow, max-snippet:-1, max-image-preview:large, max-video-preview:-1\" \/>\n<link rel=\"canonical\" href=\"https:\/\/www.waechtomat.de\/en\/\" \/>\n<meta property=\"og:locale\" content=\"en_US\" \/>\n<meta property=\"og:type\" content=\"article\" \/>\n<meta property=\"og:title\" content=\"W\u00e4chtomat foaling system - rechargeable battery Inhaler for horses\" \/>\n<meta property=\"og:description\" content=\"In fact, our W\u00c4CHTOMAT was the very first foaling alarm system available in the world in 1977 and today, it is still one of the most reliable of its kind.\" \/>\n<meta property=\"og:url\" content=\"https:\/\/www.waechtomat.de\/en\/\" \/>\n<meta property=\"og:site_name\" content=\"W\u00e4chtomat Werner Kegel GmbH - Das Beste f\u00fcr Ihr Pferd\" \/>\n<meta property=\"article:modified_time\" content=\"2019-02-26T08:52:21+00:00\" \/>\n<meta name=\"twitter:card\" content=\"summary_large_image\" \/>\n<meta name=\"twitter:label1\" content=\"Est. reading time\" \/>\n\t<meta name=\"twitter:data1\" content=\"6 minutes\" \/>\n<script type=\"application\/ld+json\" class=\"yoast-schema-graph\">{\"@context\":\"https:\\\/\\\/schema.org\",\"@graph\":[{\"@type\":\"WebPage\",\"@id\":\"https:\\\/\\\/www.waechtomat.de\\\/en\\\/\",\"url\":\"https:\\\/\\\/www.waechtomat.de\\\/en\\\/\",\"name\":\"W\u00e4chtomat foaling system - rechargeable battery Inhaler for horses\",\"isPartOf\":{\"@id\":\"https:\\\/\\\/www.waechtomat.de\\\/#website\"},\"datePublished\":\"2017-05-07T09:22:29+00:00\",\"dateModified\":\"2019-02-26T08:52:21+00:00\",\"description\":\"In fact, our W\u00c4CHTOMAT was the very first foaling alarm system available in the world in 1977 and today, it is still one of the most reliable of its kind.\",\"breadcrumb\":{\"@id\":\"https:\\\/\\\/www.waechtomat.de\\\/en\\\/#breadcrumb\"},\"inLanguage\":\"en-US\",\"potentialAction\":[{\"@type\":\"ReadAction\",\"target\":[\"https:\\\/\\\/www.waechtomat.de\\\/en\\\/\"]}]},{\"@type\":\"BreadcrumbList\",\"@id\":\"https:\\\/\\\/www.waechtomat.de\\\/en\\\/#breadcrumb\",\"itemListElement\":[{\"@type\":\"ListItem\",\"position\":1,\"name\":\"Startseite\",\"item\":\"https:\\\/\\\/www.waechtomat.de\\\/en\\\/\"},{\"@type\":\"ListItem\",\"position\":2,\"name\":\"HOME\"}]},{\"@type\":\"WebSite\",\"@id\":\"https:\\\/\\\/www.waechtomat.de\\\/#website\",\"url\":\"https:\\\/\\\/www.waechtomat.de\\\/\",\"name\":\"W\u00c4CHTOMAT - KEGEL-INHALATOR - Werner Kegel GmbH\",\"description\":\"W\u00c4CHTOMAT - KEGEL-INHALATOR - PORTIONSTR\u00c4NKE\",\"publisher\":{\"@id\":\"https:\\\/\\\/www.waechtomat.de\\\/#organization\"},\"potentialAction\":[{\"@type\":\"SearchAction\",\"target\":{\"@type\":\"EntryPoint\",\"urlTemplate\":\"https:\\\/\\\/www.waechtomat.de\\\/?s={search_term_string}\"},\"query-input\":{\"@type\":\"PropertyValueSpecification\",\"valueRequired\":true,\"valueName\":\"search_term_string\"}}],\"inLanguage\":\"en-US\"},{\"@type\":\"Organization\",\"@id\":\"https:\\\/\\\/www.waechtomat.de\\\/#organization\",\"name\":\"W\u00e4chtomat Werner Kegel GmbH\",\"url\":\"https:\\\/\\\/www.waechtomat.de\\\/\",\"logo\":{\"@type\":\"ImageObject\",\"inLanguage\":\"en-US\",\"@id\":\"https:\\\/\\\/www.waechtomat.de\\\/#\\\/schema\\\/logo\\\/image\\\/\",\"url\":\"https:\\\/\\\/www.waechtomat.de\\\/wp-content\\\/uploads\\\/2017\\\/04\\\/K_WKGMBH_01.jpg\",\"contentUrl\":\"https:\\\/\\\/www.waechtomat.de\\\/wp-content\\\/uploads\\\/2017\\\/04\\\/K_WKGMBH_01.jpg\",\"width\":1021,\"height\":800,\"caption\":\"W\u00e4chtomat Werner Kegel GmbH\"},\"image\":{\"@id\":\"https:\\\/\\\/www.waechtomat.de\\\/#\\\/schema\\\/logo\\\/image\\\/\"},\"sameAs\":[\"https:\\\/\\\/de.linkedin.com\\\/company\\\/w\u00e4chtomat-werner-kegel-gmbh\"]}]}<\/script>\n<!-- \/ Yoast SEO plugin. -->","yoast_head_json":{"title":"W\u00e4chtomat foaling system - rechargeable battery Inhaler for horses","description":"In fact, our W\u00c4CHTOMAT was the very first foaling alarm system available in the world in 1977 and today, it is still one of the most reliable of its kind.","robots":{"index":"index","follow":"follow","max-snippet":"max-snippet:-1","max-image-preview":"max-image-preview:large","max-video-preview":"max-video-preview:-1"},"canonical":"https:\/\/www.waechtomat.de\/en\/","og_locale":"en_US","og_type":"article","og_title":"W\u00e4chtomat foaling system - rechargeable battery Inhaler for horses","og_description":"In fact, our W\u00c4CHTOMAT was the very first foaling alarm system available in the world in 1977 and today, it is still one of the most reliable of its kind.","og_url":"https:\/\/www.waechtomat.de\/en\/","og_site_name":"W\u00e4chtomat Werner Kegel GmbH - Das Beste f\u00fcr Ihr Pferd","article_modified_time":"2019-02-26T08:52:21+00:00","twitter_card":"summary_large_image","twitter_misc":{"Est. reading time":"6 minutes"},"schema":{"@context":"https:\/\/schema.org","@graph":[{"@type":"WebPage","@id":"https:\/\/www.waechtomat.de\/en\/","url":"https:\/\/www.waechtomat.de\/en\/","name":"W\u00e4chtomat foaling system - rechargeable battery Inhaler for horses","isPartOf":{"@id":"https:\/\/www.waechtomat.de\/#website"},"datePublished":"2017-05-07T09:22:29+00:00","dateModified":"2019-02-26T08:52:21+00:00","description":"In fact, our W\u00c4CHTOMAT was the very first foaling alarm system available in the world in 1977 and today, it is still one of the most reliable of its kind.","breadcrumb":{"@id":"https:\/\/www.waechtomat.de\/en\/#breadcrumb"},"inLanguage":"en-US","potentialAction":[{"@type":"ReadAction","target":["https:\/\/www.waechtomat.de\/en\/"]}]},{"@type":"BreadcrumbList","@id":"https:\/\/www.waechtomat.de\/en\/#breadcrumb","itemListElement":[{"@type":"ListItem","position":1,"name":"Startseite","item":"https:\/\/www.waechtomat.de\/en\/"},{"@type":"ListItem","position":2,"name":"HOME"}]},{"@type":"WebSite","@id":"https:\/\/www.waechtomat.de\/#website","url":"https:\/\/www.waechtomat.de\/","name":"W\u00c4CHTOMAT - KEGEL-INHALATOR - Werner Kegel GmbH","description":"W\u00c4CHTOMAT - KEGEL-INHALATOR - PORTIONSTR\u00c4NKE","publisher":{"@id":"https:\/\/www.waechtomat.de\/#organization"},"potentialAction":[{"@type":"SearchAction","target":{"@type":"EntryPoint","urlTemplate":"https:\/\/www.waechtomat.de\/?s={search_term_string}"},"query-input":{"@type":"PropertyValueSpecification","valueRequired":true,"valueName":"search_term_string"}}],"inLanguage":"en-US"},{"@type":"Organization","@id":"https:\/\/www.waechtomat.de\/#organization","name":"W\u00e4chtomat Werner Kegel GmbH","url":"https:\/\/www.waechtomat.de\/","logo":{"@type":"ImageObject","inLanguage":"en-US","@id":"https:\/\/www.waechtomat.de\/#\/schema\/logo\/image\/","url":"https:\/\/www.waechtomat.de\/wp-content\/uploads\/2017\/04\/K_WKGMBH_01.jpg","contentUrl":"https:\/\/www.waechtomat.de\/wp-content\/uploads\/2017\/04\/K_WKGMBH_01.jpg","width":1021,"height":800,"caption":"W\u00e4chtomat Werner Kegel GmbH"},"image":{"@id":"https:\/\/www.waechtomat.de\/#\/schema\/logo\/image\/"},"sameAs":["https:\/\/de.linkedin.com\/company\/w\u00e4chtomat-werner-kegel-gmbh"]}]}},"_links":{"self":[{"href":"https:\/\/www.waechtomat.de\/en\/wp-json\/wp\/v2\/pages\/1422","targetHints":{"allow":["GET"]}}],"collection":[{"href":"https:\/\/www.waechtomat.de\/en\/wp-json\/wp\/v2\/pages"}],"about":[{"href":"https:\/\/www.waechtomat.de\/en\/wp-json\/wp\/v2\/types\/page"}],"author":[{"embeddable":true,"href":"https:\/\/www.waechtomat.de\/en\/wp-json\/wp\/v2\/users\/1"}],"replies":[{"embeddable":true,"href":"https:\/\/www.waechtomat.de\/en\/wp-json\/wp\/v2\/comments?post=1422"}],"version-history":[{"count":5,"href":"https:\/\/www.waechtomat.de\/en\/wp-json\/wp\/v2\/pages\/1422\/revisions"}],"predecessor-version":[{"id":2269,"href":"https:\/\/www.waechtomat.de\/en\/wp-json\/wp\/v2\/pages\/1422\/revisions\/2269"}],"wp:attachment":[{"href":"https:\/\/www.waechtomat.de\/en\/wp-json\/wp\/v2\/media?parent=1422"}],"curies":[{"name":"wp","href":"https:\/\/api.w.org\/{rel}","templated":true}]}}