{"id":1428,"date":"2017-05-08T09:31:02","date_gmt":"2017-05-08T07:31:02","guid":{"rendered":"http:\/\/www.waechtomat.de\/?page_id=1428\/"},"modified":"2018-02-22T15:44:14","modified_gmt":"2018-02-22T14:44:14","slug":"references","status":"publish","type":"page","link":"https:\/\/www.waechtomat.de\/en\/references\/","title":{"rendered":"REFERENCES"},"content":{"rendered":"<p>[et_pb_section bb_built=&#8221;1&#8243; admin_label=&#8221;section&#8221; fullwidth=&#8221;off&#8221; specialty=&#8221;off&#8221; custom_padding=&#8221;0px|||&#8221; _builder_version=&#8221;3.0.105&#8243; background_color=&#8221;#ffffff&#8221;][et_pb_row _builder_version=&#8221;3.0.105&#8243; custom_padding=&#8221;||0px|&#8221; padding_bottom_1=&#8221;10px&#8221; global_module=&#8221;2042&#8243;][et_pb_column type=&#8221;4_4&#8243;][et_pb_dmb_breadcrumbs global_parent=&#8221;2042&#8243; _builder_version=&#8221;3.0.105&#8243; use_home_text=&#8221;on&#8221; home_text=&#8221;Home&#8221; \/][\/et_pb_column][\/et_pb_row][et_pb_row admin_label=&#8221;row&#8221; parallax_method_1=&#8221;off&#8221; parallax_2=&#8221;off&#8221; parallax_method_2=&#8221;off&#8221; custom_padding=&#8221;0px||0px|&#8221; background_position=&#8221;top_left&#8221; background_repeat=&#8221;repeat&#8221; background_size=&#8221;initial&#8221; _builder_version=&#8221;3.0.105&#8243;][et_pb_column type=&#8221;4_4&#8243;][et_pb_image admin_label=&#8221;Grafik: Portionstr\u00e4nke&#8221; src=&#8221;https:\/\/www.waechtomat.de\/wp-content\/uploads\/2018\/02\/REFERENCES.png&#8221; show_in_lightbox=&#8221;off&#8221; url_new_window=&#8221;off&#8221; use_overlay=&#8221;off&#8221; align=&#8221;left&#8221; force_fullwidth=&#8221;off&#8221; always_center_on_mobile=&#8221;on&#8221; use_border_color=&#8221;off&#8221; custom_css_main_element=&#8221;background-color:#a59469;&#8221; custom_margin=&#8221;||0px|&#8221; show_bottom_space=&#8221;off&#8221; _builder_version=&#8221;3.0.105&#8243; \/][\/et_pb_column][\/et_pb_row][et_pb_row admin_label=&#8221;row&#8221; make_fullwidth=&#8221;off&#8221; use_custom_width=&#8221;off&#8221; width_unit=&#8221;on&#8221; custom_width_percent=&#8221;80px&#8221; use_custom_gutter=&#8221;on&#8221; allow_player_pause=&#8221;off&#8221; parallax=&#8221;off&#8221; parallax_method=&#8221;on&#8221; make_equal=&#8221;off&#8221; parallax_1=&#8221;off&#8221; parallax_method_1=&#8221;off&#8221; parallax_2=&#8221;off&#8221; parallax_method_2=&#8221;off&#8221; custom_padding=&#8221;0px||0px|&#8221; gutter_width=&#8221;1&#8243; background_color=&#8221;#ffffff&#8221; padding_left_2=&#8221;30px&#8221; padding_right_2=&#8221;35px&#8221; custom_padding_last_edited=&#8221;off|desktop&#8221; parallax_3=&#8221;off&#8221; parallax_method_3=&#8221;off&#8221; custom_css_main_1=&#8221;width: 10px;&#8221; custom_css_main_2=&#8221;width: 80px;&#8221; custom_css_main_3=&#8221;width: 10px;&#8221; background_position=&#8221;top_left&#8221; background_repeat=&#8221;repeat&#8221; background_size=&#8221;initial&#8221;][et_pb_column type=&#8221;4_4&#8243;][et_pb_accordion global_parent=&#8221;1071&#8243; use_border_color=&#8221;off&#8221; border_color=&#8221;#ffffff&#8221; border_style=&#8221;solid&#8221; custom_padding=&#8221;|30px||&#8221;][et_pb_accordion_item title=&#8221;Brief von U.Bhattacharyya (August 28, 2010)&#8221;]Sehr geehrte Damen und Herren,<\/p>\n<p>Ihr Inhalator hat meinem Pferd sehr geholfen. Er war damals 21 Jahre alt.<\/p>\n<p>Habe das Ger\u00e4t nach der Lungensp\u00fclung meines Pferdes beim Tierarzt schon damals gebraucht gekauft.\u00a0Hab drei Monate 1-3 mal am Tag das Pferd inhaliert. Danach konnte er wieder auf Stroh stehen und trockenes Heu fressen.\u00a0Kein Husten mehr, Bronchitis weg.<\/p>\n<p>Mein Pferd wurde noch 31 Jahre alt.<\/p>\n<p>Sicher ist es Ihrem Kegel-Inhalator zu verdanken, da\u00df ich 25 Jahre mit meinem Pferd verbringen konnte und er noch nach einer<br \/>\nTurnierkarriere noch viele sch\u00f6ne Rentnerjahre hatte.<\/p>\n<p>Gru\u00df,<br \/>\nU. Bhattacharyya<\/p>\n<p>[\/et_pb_accordion_item][et_pb_accordion_item title=&#8221;Brief von Silja (April 23, 2009)&#8221;]Hallo Herr Kegel,<\/p>\n<p>ja Sie lesen richtig &#8211; es gibt mich noch. Am 16.2.09 bin ich 27 Jahre alt geworden und man sieht es mir nicht an. Ich werde 2x t\u00e4glich geritten, aber nur 1x t\u00e4glich inhaliert. Und wenn einer meiner beiden Reiter der Meinung ist, er h\u00e4tte ein altes Pferd unter dem Sattel &#8211; dieser Irrtum wird schnell gekl\u00e4rt. So geschehen letzte Woche! Leider hat dieser Vorfall einen Nachteil: jetzt habe ich f\u00fcr einige Zeit nur einen Reiter!<\/p>\n<p>Diese Freude und Lebensqualit\u00e4t verdanke ich Ihrem bzw. meinem Ultraschall-KU 2000.<\/p>\n<p>Ich hoffe, dass sich noch viele Besitzer von Pferden mit Atemwegserkrankungen f\u00fcr einen Kegel-Inhalator entscheiden und dadurch ihren Pferden wirklich geholfen werden kann.<\/p>\n<p>Ich w\u00fcnsche Ihnen alles Gute &#8211; bis zum n\u00e4chsten Mal<br \/>\nliebe Gr\u00fc\u00dfe von<br \/>\nSilja und Fu\u00dfvolk C. + F. Strobl<\/p>\n<p>[\/et_pb_accordion_item][et_pb_accordion_item title=&#8221;Kegel Ultraschall-Inhalator (Oktober 15, 2008)&#8221;]Sehr geehrter Herr Kegel!<\/p>\n<p>Es ist jetzt fast 11 lange Jahre her, als wir bei Ihnen den Kegel-Ultraschall-Inhalator f\u00fcr unseren schwer kranken Paddy bestellt haben. Paddy war von seinem Verk\u00e4ufer mit Cortison vollgepumpt und als gesundes Pferd \u00a0verkauft worden. 3 Monate nach Kauf hatten wir ein Pferd im Stall, welches nachts um sein Leben k\u00e4mpfte, weil es Hustenkr\u00e4mpfe und kaum Luft bekam. Die Diagnose lie\u00df nicht lange auf sich warten, Paddy war hochgradig d\u00e4mpfig mit beginnendem Lungenephysem. Damals ein Todesurteil.<\/p>\n<p>Wir h\u00f6rten von Ihrem Ger\u00e4t\u00a0 und kauften dies. Zur diesem Zeitpunkt \u00a0gab es aber kaum Medikamente f\u00fcr solche sogenannten COPD-Pferde. Viel Geld wurde umsonst f\u00fcr nicht brauchbare \u00a0Asthmatiker-Medikamente aus der Humanmedizin ausgegeben, viele Tier\u00e4rzte umsonst befragt.<\/p>\n<p>Aufgrund unserer eigenen \u00a0Erfahrungen und Versuche vernebelten wir dann 2 x t\u00e4glich Kochsalz oder Kamilie Fluid mit fein gemahlenem Ventipulmin (Gel gab es auch erst sp\u00e4ter). \u00a0So lange, bis Paddy nachts wieder ruhig schlief \u2013 wir \u00fcbrigends auch, denn wir sind fast 2 Jahre lang jede Nacht zwischen 1.00 und 2.00 Uhr morgens durch die Hustenanf\u00e4lle, anfangs richtig b\u00f6se Kr\u00e4mpfe, geweckt worden! Das pr\u00e4gt!<\/p>\n<p>Aber nach 2 Jahren hatten wir es geschafft, Paddy war einigermassen beschwerdefrei, voller Lebenslust und erfreute sich an seinem vorzeitigen Rentnerleben. Er konnte zwar nicht mehr belastet werden, Schritt reiten und ein bisschen Gehorsamstraining war ok, ansonsten genoss er die Weide.<\/p>\n<p>Wir haben den Inhalator damals gut verpackt, nicht weggegeben und \u2013 heute, nach 9 Jahren packen wir ihn wieder aus. F\u00fcr Paddy, der dieses Jahr aufgrund der schlechten Wetterverh\u00e4ltnisse Probleme hat. Heute gibt es bereits spezielle Tierarzt-Pr\u00e4parate mit Cortison, Bronchialerweiterern und\u00a0 ACC, die vernebelt werden k\u00f6nnen, wenn man so einen guten Vernebler besitzt &#8211; w\u00e4re das doch damals schon gewesen! Wir werden Paddy nun eine zeitlang abends wieder 25 Minuten inhallieren und ihm so sicher Erleichterung bringen.<\/p>\n<p>Mit freundlichen Gr\u00fc\u00dfen<br \/>\nBirgit Fox<\/p>\n<p>[\/et_pb_accordion_item][et_pb_accordion_item title=&#8221;Kegel-Inhalator \/ Wartung (September 25, 2007)&#8221;]Sehr geehrter Herr Kegel,[&#8230;] Silja, unsere mittlerweile 25j\u00e4hrige W\u00fcrttemberger Stute hatte massive Atembeschwerden &#8211; \u00fcbliche Mittel vom Tierarzt haben keine Wirkung gezeigt.<\/p>\n<p>&nbsp;<\/p>\n<p>&nbsp;<\/p>\n<p>Auch mit einer &#8220;Pferdeheilpraktikerin&#8221; haben wir keine Erfolge erzielt, es wurde im Gegenteil immer schlechter. Im Juni 2006 holten wir einen weiteren Tierarzt zur endg\u00fcltigen Diagnose und Entscheidung: entweder &#8211; oder! Befund: Dispnoe! Ein Blutgastest sollte bei der Entscheidung, Einschl\u00e4fern oder weiter machen, helfen. Bei PO2 Werten um 70 mmHg sollten wir das Pferd erl\u00f6sen. Der Referenzwert f\u00fcr ein Pferd dieses Alters lag lt. Tabelle bei 100 mmHg, gemessen wurden aber &#8220;173 mmHg&#8221;. F\u00fcr den Tierarzt der diesen Test gemacht hatte war das Ergebnis unfassbar. Das Pferd stand vor ihm, schwerste Pumpatmung und dann solche Werte. Wir haben uns dann aber gegen den vorgeschlagenen Allergietest entschieden.<\/p>\n<p>Nach R\u00fccksprache mit unserer Pferdeosteopathin &#8211; Sie sehen wir haben alles versucht und nichts ausgelassen &#8211; haben wir es mit einem jungen Tierarzt versucht und damit Gl\u00fcck gehabt. Er verstand auch unsere Angst vor Cortison &#8211; Silja hatte im Alter von 8 Jahren Rehe und aufgrund zu hoher Cortisongaben letztendlich Hufbeindurchbruch beidseitig &#8211; und hat auf meine Bitte hin erst einmal Akupunktur versucht. Silja hat sehr gut reagiert, der Erfolg hielt jedoch nur 8-10 Tage. Daraufhin hat uns der Tierarzt klar gemacht, ohne Cortison geht es nicht, versprach uns aber auf Cortikoide zur\u00fcckzugreifen die Silja&#8217;s Beine nicht zus\u00e4tzlich belasten w\u00fcrden. Gleichzeitig machte er uns klar: ohne Inhalator geht es nicht(mit Wasserdampf und \u00e4th. \u00d6len hatten wir schon inhaliert).<\/p>\n<p>Nun haben wir seit 24.9.2006 den KU 2000. Anfangs haben wir 2 x tgl. mit Pulmicort, Kochsalz und Kamille-Fluid inhaliert, danach lie\u00dfen wir das Pulmicort ausschleichen und seit ca. 6 Monaten inhaliert Silja 1x tgl. mit Kochsalz und Kamille-Fluid. Silja hat sich so gut erholt, hat Lebensfreude und Bewegungsdrang unglaublich! Wer sie sieht glaubt ihr max. 15 Jahre. Konditionell steckt sie die wesentlich j\u00fcngeren und gesunden Pferde in die Tasche, Kreislaufprobleme bei den letzten Fellwechseln kennen wir nicht (wir hoffen, dass es so bleibt). Silja ist ein K\u00e4mpferin und diesem Pferd mit dem Inhalator wirksam zu helfen &#8211; daf\u00fcr hat sich diese Investition auf alle F\u00e4lle gelohnt. Leider w\u00e4re es fast zu sp\u00e4t gewesen.<\/p>\n<p>Wir &#8211; Silja&#8217;s Fu\u00dfvolk &#8211; m\u00f6chten Ihnen von ganzem Herzen danken. [&#8230;]Wir verbleiben mit freundlichen Gr\u00fc\u00dfen<br \/>\nChristine u. Franz Strobl, Eberhard Liebl und nat\u00fcrlich Silja<\/p>\n<p>[\/et_pb_accordion_item][et_pb_accordion_item title=&#8221;A. Grafe schreibt 1987 in einem Artikel \u00fcber:&#8221;]<strong>&#8220;Aerosoltherapie die wirksamste Behandlungsart lungenkranker Pferde&#8221;<\/strong><\/p>\n<p>\u201e[&#8230;] Wie die Erfahrungen zeigen, sind die Bronchien des Pferdes sehr therapieresistent. Die in Form eines Pulvers oder einer Fl\u00fcssigkeit applizierten Medikamente k\u00f6nnen erst nach ca. 1 Woche zur Wirkung gelangen (z.B. Expektorantiaer) und auch die Injektionspr\u00e4parate brauchen geraume Zeit, um sich wirksam entfalten zu k\u00f6nnen.<\/p>\n<p>Abgesehen davon, da\u00df die auf diese Weise applizierten Medikamente zu ihrem Bestimmungsort, in diesem Falle die Lunge, erst \u00fcber den ganzen K\u00f6rper gehen, den sie h\u00e4ufig auch noch belasten, ist ihre Wirksamkeit nicht immer befriedigend.<\/p>\n<p>Eine andere Methode, die Medikamente direkt an den Bestimmungsort Lunge zu bringen, ist die Aerosoltherapie. Diese Applikationsart von Medikamenten, gerade bei Lungenkrankheiten, ist in ihrer Wirksamkeit un\u00fcbertroffen und in der Pferdepraxis unbedingt zu empfehlen.<\/p>\n<p>Andere Vorteile der Aerosoltherapie, die sie f\u00fcr die Praxis so interessant macht, liegen auf der \u00f6konomischen Seite: Man spart ungeheuer an Medikamentenmengen, und es lassen sich preisg\u00fcnstige, aber dennoch sehr wirksame Medikamente in die Lunge einbringen.<br \/>\nEine Investition ist allerdings n\u00f6tig: Ein Aerosolger\u00e4t.<\/p>\n<p>Die auf dem Markt angebotenen Ger\u00e4te sind sehr unterschiedlicher Qualit\u00e4t. Ihre Palette reicht von schlechter, f\u00fcr die Praxis v\u00f6llig ungeeigneter, bis sehr guter Leistung, z.B. Kegel-Inhalator [&#8230;]&#8221;<\/p>\n<p>[\/et_pb_accordion_item][et_pb_accordion_item title=&#8221;Dr. med. vet. Helmut Ende berichtet von seinen Erfahrungen auf dem Tier\u00e4rztekongresses in Hamburg (1980)&#8221;]\u201eMit dem Kegel-Inhalator gibt es jetzt eine sichere, technisch ausgereifte und zugleich verbl\u00fcffend einfache Methode, einem Pferd Inhalate zu applizieren. Gute Erfol\u00adge wurden erreicht durch Verdampfung von \u00e4therischen \u00d6len und Zerst\u00e4ubung von 0,9%iger NaCI L\u00f6sung bei Erkrankung der oberen Luftwege.<\/p>\n<p>Erkrankungen der unteren Luftwege behandelten wir mit Berodual und NaCI-L\u00f6sungen, wobei der Kompressor oder der Ultraschallvernebler eingesetzt wurde. Von 7 Pferden ohne Dyspnoe, mit chronischer Bronchitis und Bronchiolitis waren 6 Pferde nach 6 Wochen Therapie geheilt. Von 34 Pferden mit Dyspnoe wurden 25 Pferde durch Dauertherapie, meist sogar ohne Umstellung auf Torf, beschwerdefrei.&#8221;<br \/>\n<strong><br \/>\n<em>Nach der Gegen\u00fcberstel\u00adlung bisheriger Therapien mit denen, die durch den KEGEL-INHALATOR m\u00f6glich wurden, sagt Dr. Ende:<\/em><\/strong><\/p>\n<p>\u201eDoch das medizinische Bewu\u00dftsein mahnt: Warum den gesamten Tierk\u00f6rper behandeln, wenn nur die Lungen behandelt werden m\u00fcssen. Chronische Krankheiten m\u00fcssen sowieso chronisch behandelt werden, warum nicht so ungef\u00e4hrlich wie m\u00f6glich?&#8221;<\/p>\n<p>[\/et_pb_accordion_item][\/et_pb_accordion][\/et_pb_column][\/et_pb_row][et_pb_row make_fullwidth=&#8221;off&#8221; use_custom_width=&#8221;off&#8221; width_unit=&#8221;on&#8221; custom_width_percent=&#8221;80px&#8221; use_custom_gutter=&#8221;off&#8221; custom_padding=&#8221;0px|0px|45px|0px&#8221; allow_player_pause=&#8221;off&#8221; parallax=&#8221;off&#8221; parallax_method=&#8221;on&#8221; make_equal=&#8221;off&#8221; parallax_1=&#8221;off&#8221; parallax_method_1=&#8221;off&#8221; custom_width_px=&#8221;1125px&#8221; background_position=&#8221;top_left&#8221; background_repeat=&#8221;repeat&#8221; background_size=&#8221;initial&#8221;][et_pb_column type=&#8221;4_4&#8243;][et_pb_image admin_label=&#8221;Grafik: Footer&#8221; src=&#8221;https:\/\/www.waechtomat.de\/wp-content\/uploads\/2017\/03\/footer.jpg&#8221; show_in_lightbox=&#8221;off&#8221; url_new_window=&#8221;off&#8221; use_overlay=&#8221;off&#8221; animation=&#8221;left&#8221; sticky=&#8221;off&#8221; align=&#8221;left&#8221; force_fullwidth=&#8221;on&#8221; always_center_on_mobile=&#8221;on&#8221; use_border_color=&#8221;off&#8221; border_color=&#8221;#ffffff&#8221; border_width=&#8221;1&#8243; border_style=&#8221;solid&#8221; animation_style=&#8221;slide&#8221; animation_duration=&#8221;500ms&#8221; animation_intensity_slide=&#8221;10%&#8221; animation_direction=&#8221;left&#8221; show_bottom_space=&#8221;on&#8221; \/][\/et_pb_column][\/et_pb_row][\/et_pb_section]<\/p>\n","protected":false},"excerpt":{"rendered":"<p>Sehr geehrte Damen und Herren, Ihr Inhalator hat meinem Pferd sehr geholfen. Er war damals 21 Jahre alt. Habe das Ger\u00e4t nach der Lungensp\u00fclung meines Pferdes beim Tierarzt schon damals gebraucht gekauft.\u00a0Hab drei Monate 1-3 mal am Tag das Pferd inhaliert. Danach konnte er wieder auf Stroh stehen und trockenes Heu fressen.\u00a0Kein Husten mehr, Bronchitis [&hellip;]<\/p>\n","protected":false},"author":1,"featured_media":0,"parent":0,"menu_order":0,"comment_status":"closed","ping_status":"closed","template":"","meta":{"_et_pb_use_builder":"on","_et_pb_old_content":"","_et_gb_content_width":"","footnotes":""},"class_list":["post-1428","page","type-page","status-publish","hentry"],"yoast_head":"<!-- This site is optimized with the Yoast SEO plugin v27.5 - https:\/\/yoast.com\/product\/yoast-seo-wordpress\/ -->\n<title>REFERENCES - W\u00e4chtomat Werner Kegel GmbH - Das Beste f\u00fcr Ihr Pferd<\/title>\n<meta name=\"robots\" content=\"index, follow, max-snippet:-1, max-image-preview:large, max-video-preview:-1\" \/>\n<link rel=\"canonical\" href=\"https:\/\/www.waechtomat.de\/en\/references\/\" \/>\n<meta property=\"og:locale\" content=\"en_US\" \/>\n<meta property=\"og:type\" content=\"article\" \/>\n<meta property=\"og:title\" content=\"REFERENCES - W\u00e4chtomat Werner Kegel GmbH - Das Beste f\u00fcr Ihr Pferd\" \/>\n<meta property=\"og:description\" content=\"Sehr geehrte Damen und Herren, Ihr Inhalator hat meinem Pferd sehr geholfen. Er war damals 21 Jahre alt. Habe das Ger\u00e4t nach der Lungensp\u00fclung meines Pferdes beim Tierarzt schon damals gebraucht gekauft.\u00a0Hab drei Monate 1-3 mal am Tag das Pferd inhaliert. Danach konnte er wieder auf Stroh stehen und trockenes Heu fressen.\u00a0Kein Husten mehr, Bronchitis [&hellip;]\" \/>\n<meta property=\"og:url\" content=\"https:\/\/www.waechtomat.de\/en\/references\/\" \/>\n<meta property=\"og:site_name\" content=\"W\u00e4chtomat Werner Kegel GmbH - Das Beste f\u00fcr Ihr Pferd\" \/>\n<meta property=\"article:modified_time\" content=\"2018-02-22T14:44:14+00:00\" \/>\n<meta name=\"twitter:card\" content=\"summary_large_image\" \/>\n<meta name=\"twitter:label1\" content=\"Est. reading time\" \/>\n\t<meta name=\"twitter:data1\" content=\"9 minutes\" \/>\n<script type=\"application\/ld+json\" class=\"yoast-schema-graph\">{\"@context\":\"https:\\\/\\\/schema.org\",\"@graph\":[{\"@type\":\"WebPage\",\"@id\":\"https:\\\/\\\/www.waechtomat.de\\\/en\\\/references\\\/\",\"url\":\"https:\\\/\\\/www.waechtomat.de\\\/en\\\/references\\\/\",\"name\":\"REFERENCES - W\u00e4chtomat Werner Kegel GmbH - Das Beste f\u00fcr Ihr Pferd\",\"isPartOf\":{\"@id\":\"https:\\\/\\\/www.waechtomat.de\\\/#website\"},\"datePublished\":\"2017-05-08T07:31:02+00:00\",\"dateModified\":\"2018-02-22T14:44:14+00:00\",\"breadcrumb\":{\"@id\":\"https:\\\/\\\/www.waechtomat.de\\\/en\\\/references\\\/#breadcrumb\"},\"inLanguage\":\"en-US\",\"potentialAction\":[{\"@type\":\"ReadAction\",\"target\":[\"https:\\\/\\\/www.waechtomat.de\\\/en\\\/references\\\/\"]}]},{\"@type\":\"BreadcrumbList\",\"@id\":\"https:\\\/\\\/www.waechtomat.de\\\/en\\\/references\\\/#breadcrumb\",\"itemListElement\":[{\"@type\":\"ListItem\",\"position\":1,\"name\":\"Startseite\",\"item\":\"https:\\\/\\\/www.waechtomat.de\\\/en\\\/\"},{\"@type\":\"ListItem\",\"position\":2,\"name\":\"REFERENCES\"}]},{\"@type\":\"WebSite\",\"@id\":\"https:\\\/\\\/www.waechtomat.de\\\/#website\",\"url\":\"https:\\\/\\\/www.waechtomat.de\\\/\",\"name\":\"W\u00c4CHTOMAT - KEGEL-INHALATOR - Werner Kegel GmbH\",\"description\":\"W\u00c4CHTOMAT - KEGEL-INHALATOR - PORTIONSTR\u00c4NKE\",\"publisher\":{\"@id\":\"https:\\\/\\\/www.waechtomat.de\\\/#organization\"},\"potentialAction\":[{\"@type\":\"SearchAction\",\"target\":{\"@type\":\"EntryPoint\",\"urlTemplate\":\"https:\\\/\\\/www.waechtomat.de\\\/?s={search_term_string}\"},\"query-input\":{\"@type\":\"PropertyValueSpecification\",\"valueRequired\":true,\"valueName\":\"search_term_string\"}}],\"inLanguage\":\"en-US\"},{\"@type\":\"Organization\",\"@id\":\"https:\\\/\\\/www.waechtomat.de\\\/#organization\",\"name\":\"W\u00e4chtomat Werner Kegel GmbH\",\"url\":\"https:\\\/\\\/www.waechtomat.de\\\/\",\"logo\":{\"@type\":\"ImageObject\",\"inLanguage\":\"en-US\",\"@id\":\"https:\\\/\\\/www.waechtomat.de\\\/#\\\/schema\\\/logo\\\/image\\\/\",\"url\":\"https:\\\/\\\/www.waechtomat.de\\\/wp-content\\\/uploads\\\/2017\\\/04\\\/K_WKGMBH_01.jpg\",\"contentUrl\":\"https:\\\/\\\/www.waechtomat.de\\\/wp-content\\\/uploads\\\/2017\\\/04\\\/K_WKGMBH_01.jpg\",\"width\":1021,\"height\":800,\"caption\":\"W\u00e4chtomat Werner Kegel GmbH\"},\"image\":{\"@id\":\"https:\\\/\\\/www.waechtomat.de\\\/#\\\/schema\\\/logo\\\/image\\\/\"},\"sameAs\":[\"https:\\\/\\\/de.linkedin.com\\\/company\\\/w\u00e4chtomat-werner-kegel-gmbh\"]}]}<\/script>\n<!-- \/ Yoast SEO plugin. -->","yoast_head_json":{"title":"REFERENCES - W\u00e4chtomat Werner Kegel GmbH - Das Beste f\u00fcr Ihr Pferd","robots":{"index":"index","follow":"follow","max-snippet":"max-snippet:-1","max-image-preview":"max-image-preview:large","max-video-preview":"max-video-preview:-1"},"canonical":"https:\/\/www.waechtomat.de\/en\/references\/","og_locale":"en_US","og_type":"article","og_title":"REFERENCES - W\u00e4chtomat Werner Kegel GmbH - Das Beste f\u00fcr Ihr Pferd","og_description":"Sehr geehrte Damen und Herren, Ihr Inhalator hat meinem Pferd sehr geholfen. Er war damals 21 Jahre alt. Habe das Ger\u00e4t nach der Lungensp\u00fclung meines Pferdes beim Tierarzt schon damals gebraucht gekauft.\u00a0Hab drei Monate 1-3 mal am Tag das Pferd inhaliert. Danach konnte er wieder auf Stroh stehen und trockenes Heu fressen.\u00a0Kein Husten mehr, Bronchitis [&hellip;]","og_url":"https:\/\/www.waechtomat.de\/en\/references\/","og_site_name":"W\u00e4chtomat Werner Kegel GmbH - Das Beste f\u00fcr Ihr Pferd","article_modified_time":"2018-02-22T14:44:14+00:00","twitter_card":"summary_large_image","twitter_misc":{"Est. reading time":"9 minutes"},"schema":{"@context":"https:\/\/schema.org","@graph":[{"@type":"WebPage","@id":"https:\/\/www.waechtomat.de\/en\/references\/","url":"https:\/\/www.waechtomat.de\/en\/references\/","name":"REFERENCES - W\u00e4chtomat Werner Kegel GmbH - Das Beste f\u00fcr Ihr Pferd","isPartOf":{"@id":"https:\/\/www.waechtomat.de\/#website"},"datePublished":"2017-05-08T07:31:02+00:00","dateModified":"2018-02-22T14:44:14+00:00","breadcrumb":{"@id":"https:\/\/www.waechtomat.de\/en\/references\/#breadcrumb"},"inLanguage":"en-US","potentialAction":[{"@type":"ReadAction","target":["https:\/\/www.waechtomat.de\/en\/references\/"]}]},{"@type":"BreadcrumbList","@id":"https:\/\/www.waechtomat.de\/en\/references\/#breadcrumb","itemListElement":[{"@type":"ListItem","position":1,"name":"Startseite","item":"https:\/\/www.waechtomat.de\/en\/"},{"@type":"ListItem","position":2,"name":"REFERENCES"}]},{"@type":"WebSite","@id":"https:\/\/www.waechtomat.de\/#website","url":"https:\/\/www.waechtomat.de\/","name":"W\u00c4CHTOMAT - KEGEL-INHALATOR - Werner Kegel GmbH","description":"W\u00c4CHTOMAT - KEGEL-INHALATOR - PORTIONSTR\u00c4NKE","publisher":{"@id":"https:\/\/www.waechtomat.de\/#organization"},"potentialAction":[{"@type":"SearchAction","target":{"@type":"EntryPoint","urlTemplate":"https:\/\/www.waechtomat.de\/?s={search_term_string}"},"query-input":{"@type":"PropertyValueSpecification","valueRequired":true,"valueName":"search_term_string"}}],"inLanguage":"en-US"},{"@type":"Organization","@id":"https:\/\/www.waechtomat.de\/#organization","name":"W\u00e4chtomat Werner Kegel GmbH","url":"https:\/\/www.waechtomat.de\/","logo":{"@type":"ImageObject","inLanguage":"en-US","@id":"https:\/\/www.waechtomat.de\/#\/schema\/logo\/image\/","url":"https:\/\/www.waechtomat.de\/wp-content\/uploads\/2017\/04\/K_WKGMBH_01.jpg","contentUrl":"https:\/\/www.waechtomat.de\/wp-content\/uploads\/2017\/04\/K_WKGMBH_01.jpg","width":1021,"height":800,"caption":"W\u00e4chtomat Werner Kegel GmbH"},"image":{"@id":"https:\/\/www.waechtomat.de\/#\/schema\/logo\/image\/"},"sameAs":["https:\/\/de.linkedin.com\/company\/w\u00e4chtomat-werner-kegel-gmbh"]}]}},"_links":{"self":[{"href":"https:\/\/www.waechtomat.de\/en\/wp-json\/wp\/v2\/pages\/1428","targetHints":{"allow":["GET"]}}],"collection":[{"href":"https:\/\/www.waechtomat.de\/en\/wp-json\/wp\/v2\/pages"}],"about":[{"href":"https:\/\/www.waechtomat.de\/en\/wp-json\/wp\/v2\/types\/page"}],"author":[{"embeddable":true,"href":"https:\/\/www.waechtomat.de\/en\/wp-json\/wp\/v2\/users\/1"}],"replies":[{"embeddable":true,"href":"https:\/\/www.waechtomat.de\/en\/wp-json\/wp\/v2\/comments?post=1428"}],"version-history":[{"count":5,"href":"https:\/\/www.waechtomat.de\/en\/wp-json\/wp\/v2\/pages\/1428\/revisions"}],"predecessor-version":[{"id":2078,"href":"https:\/\/www.waechtomat.de\/en\/wp-json\/wp\/v2\/pages\/1428\/revisions\/2078"}],"wp:attachment":[{"href":"https:\/\/www.waechtomat.de\/en\/wp-json\/wp\/v2\/media?parent=1428"}],"curies":[{"name":"wp","href":"https:\/\/api.w.org\/{rel}","templated":true}]}}