{"id":1434,"date":"2017-05-08T09:35:41","date_gmt":"2017-05-08T07:35:41","guid":{"rendered":"http:\/\/www.waechtomat.de\/?page_id=1434\/"},"modified":"2018-07-27T17:04:21","modified_gmt":"2018-07-27T15:04:21","slug":"imprint-disclaimer","status":"publish","type":"page","link":"https:\/\/www.waechtomat.de\/en\/imprint-disclaimer\/","title":{"rendered":"IMPRINT DISCLAIMER"},"content":{"rendered":"<p>[et_pb_section bb_built=&#8221;1&#8243; admin_label=&#8221;section&#8221; fullwidth=&#8221;off&#8221; specialty=&#8221;off&#8221; custom_padding=&#8221;0px|||&#8221; background_color=&#8221;#ffffff&#8221; _builder_version=&#8221;3.0.105&#8243;][et_pb_row _builder_version=&#8221;3.0.105&#8243; custom_padding=&#8221;||0px|&#8221; padding_bottom_1=&#8221;10px&#8221; global_module=&#8221;2042&#8243;][et_pb_column type=&#8221;4_4&#8243;][et_pb_dmb_breadcrumbs global_parent=&#8221;2042&#8243; _builder_version=&#8221;3.0.105&#8243; use_home_text=&#8221;on&#8221; home_text=&#8221;Home&#8221; \/][\/et_pb_column][\/et_pb_row][et_pb_row admin_label=&#8221;row&#8221; parallax_method_1=&#8221;off&#8221; parallax_2=&#8221;off&#8221; parallax_method_2=&#8221;off&#8221; custom_padding=&#8221;0px||0px|&#8221; background_position=&#8221;top_left&#8221; background_repeat=&#8221;repeat&#8221; background_size=&#8221;initial&#8221; _builder_version=&#8221;3.0.105&#8243;][et_pb_column type=&#8221;4_4&#8243;][et_pb_image admin_label=&#8221;Grafik: Header&#8221; src=&#8221;https:\/\/www.waechtomat.de\/wp-content\/uploads\/2017\/04\/header-leer.jpg&#8221; show_in_lightbox=&#8221;off&#8221; url_new_window=&#8221;off&#8221; use_overlay=&#8221;off&#8221; animation=&#8221;off&#8221; sticky=&#8221;on&#8221; align=&#8221;left&#8221; force_fullwidth=&#8221;off&#8221; always_center_on_mobile=&#8221;on&#8221; use_border_color=&#8221;off&#8221; border_color=&#8221;#ffffff&#8221; border_width=&#8221;1&#8243; border_style=&#8221;solid&#8221; custom_css_main_element=&#8221;background-color:#a59469;&#8221; custom_margin=&#8221;||0px|&#8221; animation_style=&#8221;none&#8221; animation_duration=&#8221;1000ms&#8221; animation_intensity_slide=&#8221;50%&#8221; show_bottom_space=&#8221;off&#8221; \/][\/et_pb_column][\/et_pb_row][et_pb_row admin_label=&#8221;row&#8221; make_fullwidth=&#8221;off&#8221; use_custom_width=&#8221;off&#8221; width_unit=&#8221;on&#8221; custom_width_percent=&#8221;80px&#8221; use_custom_gutter=&#8221;on&#8221; allow_player_pause=&#8221;off&#8221; parallax=&#8221;off&#8221; parallax_method=&#8221;on&#8221; make_equal=&#8221;off&#8221; parallax_1=&#8221;off&#8221; parallax_method_1=&#8221;off&#8221; parallax_2=&#8221;off&#8221; parallax_method_2=&#8221;off&#8221; custom_padding=&#8221;0px||0px|&#8221; gutter_width=&#8221;1&#8243; background_color=&#8221;#d0c6af&#8221; padding_left_2=&#8221;30px&#8221; padding_right_2=&#8221;35px&#8221; background_position=&#8221;top_left&#8221; background_repeat=&#8221;repeat&#8221; background_size=&#8221;initial&#8221;][et_pb_column type=&#8221;1_2&#8243;][et_pb_image admin_label=&#8221;Bild: K_W_B01_01&#8243; src=&#8221;https:\/\/www.waechtomat.de\/wp-content\/uploads\/2017\/04\/AKG-Bedienungsanleitung_Seite_2.jpg&#8221; show_in_lightbox=&#8221;off&#8221; url_new_window=&#8221;off&#8221; use_overlay=&#8221;off&#8221; animation=&#8221;off&#8221; sticky=&#8221;on&#8221; align=&#8221;left&#8221; force_fullwidth=&#8221;off&#8221; always_center_on_mobile=&#8221;on&#8221; use_border_color=&#8221;off&#8221; border_color=&#8221;#ffffff&#8221; border_width=&#8221;1&#8243; border_style=&#8221;solid&#8221; custom_margin=&#8221;0px|0px|0px|&#8221; disabled_on=&#8221;on|on|on&#8221; disabled=&#8221;on&#8221; animation_style=&#8221;none&#8221; animation_duration=&#8221;1000ms&#8221; animation_intensity_slide=&#8221;50%&#8221; show_bottom_space=&#8221;off&#8221; \/][\/et_pb_column][et_pb_column type=&#8221;1_2&#8243;][et_pb_text header_font_size=&#8221;26&#8243; background_color=&#8221;#d0c6af&#8221; use_border_color=&#8221;off&#8221; custom_padding=&#8221;35px||20px|&#8221; text_font_size=&#8221;16&#8243; background_position=&#8221;top_left&#8221; background_repeat=&#8221;repeat&#8221; background_size=&#8221;initial&#8221; _builder_version=&#8221;3.11&#8243;]<\/p>\n<h1 class=\"headline\"><strong>Responsible for the content of this website<\/strong><\/h1>\n<p>W\u00e4chtomat Werner Kegel GmbH<br \/>\nSch\u00f6nkirchener Str. 3a<br \/>\n24232 Dobersdorf<br \/>\nGermany<\/p>\n<p class=\"bodytext\">E-Mail: <a class=\"mail\" title=\"\u00d6ffnet ein Fenster zum Versenden der E-Mail\">info@waechtomat.de<\/a><\/p>\n<p class=\"bodytext\">Managing Director: Alexander Kegel<\/p>\n<p class=\"bodytext\">Registry court:<br \/>\nAmtsgericht Kiel, HRB 15373KI<\/p>\n<p class=\"bodytext\">EU-VAT-ID:: DE157939495<\/p>\n<p class=\"bodytext\">Plattform der EU-Kommission zur Online-Streitbeilegung: <a href=\"https:\/\/ec.europa.eu\/consumers\/odr\" target=\"_blank\" rel=\"noopener\">https:\/\/ec.europa.eu\/consumers\/odr<\/a><\/p>\n<p>Wir sind zur Teilnahme an einem Streitbeilegungsverfahren vor einer Verbraucherschlichtungsstelle weder verpflichtet noch bereit.<\/p>\n<p class=\"bodytext\">Webdesign, Programming and Webhosting:<br \/>\nHMF-IT UG Osnabr\u00fcck<br \/>\nWeb: <a href=\"http:\/\/www.hmf-it.de\" target=\"_blank\" rel=\"noopener noreferrer\">www.hmf-it.de<\/a><br \/>\nE-Mail: <a href=\"mailto:info@hmf-it.de\">info@hmf-it.de<\/a><\/p>\n<h3 class=\"bodytext\"><span style=\"color: #000000;\"><strong>General Terms and Conditions:<\/strong><\/span><\/h3>\n<p>Because we have no control over the operation of the devices, we cannot be held liable for possible complications that may arise.<\/p>\n<p>We retain ownership of the products until the purchase price has been paid in full, including any additional charges. Until such time, the buyer is not permitted to pledge or transfer the products to third parties without our explicit permission. The buyer must notify us immediately of possible attachment by third parties.<\/p>\n<p>[\/et_pb_text][\/et_pb_column][\/et_pb_row][et_pb_row make_fullwidth=&#8221;off&#8221; use_custom_width=&#8221;off&#8221; width_unit=&#8221;on&#8221; custom_width_percent=&#8221;80px&#8221; use_custom_gutter=&#8221;off&#8221; custom_padding=&#8221;0px|0px|45px|0px&#8221; allow_player_pause=&#8221;off&#8221; parallax=&#8221;off&#8221; parallax_method=&#8221;on&#8221; make_equal=&#8221;off&#8221; parallax_1=&#8221;off&#8221; parallax_method_1=&#8221;off&#8221; custom_width_px=&#8221;1125px&#8221; background_position=&#8221;top_left&#8221; background_repeat=&#8221;repeat&#8221; background_size=&#8221;initial&#8221;][et_pb_column type=&#8221;4_4&#8243;][et_pb_image admin_label=&#8221;Grafik: Footer&#8221; src=&#8221;https:\/\/www.waechtomat.de\/wp-content\/uploads\/2017\/03\/footer.jpg&#8221; show_in_lightbox=&#8221;off&#8221; url_new_window=&#8221;off&#8221; use_overlay=&#8221;off&#8221; animation=&#8221;left&#8221; sticky=&#8221;off&#8221; align=&#8221;left&#8221; force_fullwidth=&#8221;on&#8221; always_center_on_mobile=&#8221;on&#8221; use_border_color=&#8221;off&#8221; border_color=&#8221;#ffffff&#8221; border_width=&#8221;1&#8243; border_style=&#8221;solid&#8221; animation_style=&#8221;slide&#8221; animation_duration=&#8221;500ms&#8221; animation_intensity_slide=&#8221;10%&#8221; animation_direction=&#8221;left&#8221; show_bottom_space=&#8221;on&#8221; \/][\/et_pb_column][\/et_pb_row][\/et_pb_section]<\/p>\n","protected":false},"excerpt":{"rendered":"<p>Responsible for the content of this website W\u00e4chtomat Werner Kegel GmbH Sch\u00f6nkirchener Str. 3a 24232 Dobersdorf Germany E-Mail: info@waechtomat.de Managing Director: Alexander Kegel Registry court: Amtsgericht Kiel, HRB 15373KI EU-VAT-ID:: DE157939495 Plattform der EU-Kommission zur Online-Streitbeilegung: https:\/\/ec.europa.eu\/consumers\/odr Wir sind zur Teilnahme an einem Streitbeilegungsverfahren vor einer Verbraucherschlichtungsstelle weder verpflichtet noch bereit. Webdesign, Programming and Webhosting: [&hellip;]<\/p>\n","protected":false},"author":1,"featured_media":0,"parent":0,"menu_order":0,"comment_status":"closed","ping_status":"closed","template":"","meta":{"_et_pb_use_builder":"on","_et_pb_old_content":"","_et_gb_content_width":"","footnotes":""},"class_list":["post-1434","page","type-page","status-publish","hentry"],"yoast_head":"<!-- This site is optimized with the Yoast SEO plugin v27.3 - https:\/\/yoast.com\/product\/yoast-seo-wordpress\/ -->\n<title>IMPRINT DISCLAIMER - W\u00e4chtomat Werner Kegel GmbH - Das Beste f\u00fcr Ihr Pferd<\/title>\n<meta name=\"robots\" content=\"index, follow, max-snippet:-1, max-image-preview:large, max-video-preview:-1\" \/>\n<link rel=\"canonical\" href=\"https:\/\/www.waechtomat.de\/en\/imprint-disclaimer\/\" \/>\n<meta property=\"og:locale\" content=\"en_US\" \/>\n<meta property=\"og:type\" content=\"article\" \/>\n<meta property=\"og:title\" content=\"IMPRINT DISCLAIMER - W\u00e4chtomat Werner Kegel GmbH - Das Beste f\u00fcr Ihr Pferd\" \/>\n<meta property=\"og:description\" content=\"Responsible for the content of this website W\u00e4chtomat Werner Kegel GmbH Sch\u00f6nkirchener Str. 3a 24232 Dobersdorf Germany E-Mail: info@waechtomat.de Managing Director: Alexander Kegel Registry court: Amtsgericht Kiel, HRB 15373KI EU-VAT-ID:: DE157939495 Plattform der EU-Kommission zur Online-Streitbeilegung: https:\/\/ec.europa.eu\/consumers\/odr Wir sind zur Teilnahme an einem Streitbeilegungsverfahren vor einer Verbraucherschlichtungsstelle weder verpflichtet noch bereit. Webdesign, Programming and Webhosting: [&hellip;]\" \/>\n<meta property=\"og:url\" content=\"https:\/\/www.waechtomat.de\/en\/imprint-disclaimer\/\" \/>\n<meta property=\"og:site_name\" content=\"W\u00e4chtomat Werner Kegel GmbH - Das Beste f\u00fcr Ihr Pferd\" \/>\n<meta property=\"article:modified_time\" content=\"2018-07-27T15:04:21+00:00\" \/>\n<meta name=\"twitter:card\" content=\"summary_large_image\" \/>\n<meta name=\"twitter:label1\" content=\"Est. reading time\" \/>\n\t<meta name=\"twitter:data1\" content=\"3 minutes\" \/>\n<script type=\"application\/ld+json\" class=\"yoast-schema-graph\">{\"@context\":\"https:\\\/\\\/schema.org\",\"@graph\":[{\"@type\":\"WebPage\",\"@id\":\"https:\\\/\\\/www.waechtomat.de\\\/en\\\/imprint-disclaimer\\\/\",\"url\":\"https:\\\/\\\/www.waechtomat.de\\\/en\\\/imprint-disclaimer\\\/\",\"name\":\"IMPRINT DISCLAIMER - W\u00e4chtomat Werner Kegel GmbH - Das Beste f\u00fcr Ihr Pferd\",\"isPartOf\":{\"@id\":\"https:\\\/\\\/www.waechtomat.de\\\/#website\"},\"datePublished\":\"2017-05-08T07:35:41+00:00\",\"dateModified\":\"2018-07-27T15:04:21+00:00\",\"breadcrumb\":{\"@id\":\"https:\\\/\\\/www.waechtomat.de\\\/en\\\/imprint-disclaimer\\\/#breadcrumb\"},\"inLanguage\":\"en-US\",\"potentialAction\":[{\"@type\":\"ReadAction\",\"target\":[\"https:\\\/\\\/www.waechtomat.de\\\/en\\\/imprint-disclaimer\\\/\"]}]},{\"@type\":\"BreadcrumbList\",\"@id\":\"https:\\\/\\\/www.waechtomat.de\\\/en\\\/imprint-disclaimer\\\/#breadcrumb\",\"itemListElement\":[{\"@type\":\"ListItem\",\"position\":1,\"name\":\"Startseite\",\"item\":\"https:\\\/\\\/www.waechtomat.de\\\/en\\\/\"},{\"@type\":\"ListItem\",\"position\":2,\"name\":\"IMPRINT DISCLAIMER\"}]},{\"@type\":\"WebSite\",\"@id\":\"https:\\\/\\\/www.waechtomat.de\\\/#website\",\"url\":\"https:\\\/\\\/www.waechtomat.de\\\/\",\"name\":\"W\u00c4CHTOMAT - KEGEL-INHALATOR - Werner Kegel GmbH\",\"description\":\"W\u00c4CHTOMAT - KEGEL-INHALATOR - PORTIONSTR\u00c4NKE\",\"publisher\":{\"@id\":\"https:\\\/\\\/www.waechtomat.de\\\/#organization\"},\"potentialAction\":[{\"@type\":\"SearchAction\",\"target\":{\"@type\":\"EntryPoint\",\"urlTemplate\":\"https:\\\/\\\/www.waechtomat.de\\\/?s={search_term_string}\"},\"query-input\":{\"@type\":\"PropertyValueSpecification\",\"valueRequired\":true,\"valueName\":\"search_term_string\"}}],\"inLanguage\":\"en-US\"},{\"@type\":\"Organization\",\"@id\":\"https:\\\/\\\/www.waechtomat.de\\\/#organization\",\"name\":\"W\u00e4chtomat Werner Kegel GmbH\",\"url\":\"https:\\\/\\\/www.waechtomat.de\\\/\",\"logo\":{\"@type\":\"ImageObject\",\"inLanguage\":\"en-US\",\"@id\":\"https:\\\/\\\/www.waechtomat.de\\\/#\\\/schema\\\/logo\\\/image\\\/\",\"url\":\"https:\\\/\\\/www.waechtomat.de\\\/wp-content\\\/uploads\\\/2017\\\/04\\\/K_WKGMBH_01.jpg\",\"contentUrl\":\"https:\\\/\\\/www.waechtomat.de\\\/wp-content\\\/uploads\\\/2017\\\/04\\\/K_WKGMBH_01.jpg\",\"width\":1021,\"height\":800,\"caption\":\"W\u00e4chtomat Werner Kegel GmbH\"},\"image\":{\"@id\":\"https:\\\/\\\/www.waechtomat.de\\\/#\\\/schema\\\/logo\\\/image\\\/\"},\"sameAs\":[\"https:\\\/\\\/de.linkedin.com\\\/company\\\/w\u00e4chtomat-werner-kegel-gmbh\"]}]}<\/script>\n<!-- \/ Yoast SEO plugin. -->","yoast_head_json":{"title":"IMPRINT DISCLAIMER - W\u00e4chtomat Werner Kegel GmbH - Das Beste f\u00fcr Ihr Pferd","robots":{"index":"index","follow":"follow","max-snippet":"max-snippet:-1","max-image-preview":"max-image-preview:large","max-video-preview":"max-video-preview:-1"},"canonical":"https:\/\/www.waechtomat.de\/en\/imprint-disclaimer\/","og_locale":"en_US","og_type":"article","og_title":"IMPRINT DISCLAIMER - W\u00e4chtomat Werner Kegel GmbH - Das Beste f\u00fcr Ihr Pferd","og_description":"Responsible for the content of this website W\u00e4chtomat Werner Kegel GmbH Sch\u00f6nkirchener Str. 3a 24232 Dobersdorf Germany E-Mail: info@waechtomat.de Managing Director: Alexander Kegel Registry court: Amtsgericht Kiel, HRB 15373KI EU-VAT-ID:: DE157939495 Plattform der EU-Kommission zur Online-Streitbeilegung: https:\/\/ec.europa.eu\/consumers\/odr Wir sind zur Teilnahme an einem Streitbeilegungsverfahren vor einer Verbraucherschlichtungsstelle weder verpflichtet noch bereit. Webdesign, Programming and Webhosting: [&hellip;]","og_url":"https:\/\/www.waechtomat.de\/en\/imprint-disclaimer\/","og_site_name":"W\u00e4chtomat Werner Kegel GmbH - Das Beste f\u00fcr Ihr Pferd","article_modified_time":"2018-07-27T15:04:21+00:00","twitter_card":"summary_large_image","twitter_misc":{"Est. reading time":"3 minutes"},"schema":{"@context":"https:\/\/schema.org","@graph":[{"@type":"WebPage","@id":"https:\/\/www.waechtomat.de\/en\/imprint-disclaimer\/","url":"https:\/\/www.waechtomat.de\/en\/imprint-disclaimer\/","name":"IMPRINT DISCLAIMER - W\u00e4chtomat Werner Kegel GmbH - Das Beste f\u00fcr Ihr Pferd","isPartOf":{"@id":"https:\/\/www.waechtomat.de\/#website"},"datePublished":"2017-05-08T07:35:41+00:00","dateModified":"2018-07-27T15:04:21+00:00","breadcrumb":{"@id":"https:\/\/www.waechtomat.de\/en\/imprint-disclaimer\/#breadcrumb"},"inLanguage":"en-US","potentialAction":[{"@type":"ReadAction","target":["https:\/\/www.waechtomat.de\/en\/imprint-disclaimer\/"]}]},{"@type":"BreadcrumbList","@id":"https:\/\/www.waechtomat.de\/en\/imprint-disclaimer\/#breadcrumb","itemListElement":[{"@type":"ListItem","position":1,"name":"Startseite","item":"https:\/\/www.waechtomat.de\/en\/"},{"@type":"ListItem","position":2,"name":"IMPRINT DISCLAIMER"}]},{"@type":"WebSite","@id":"https:\/\/www.waechtomat.de\/#website","url":"https:\/\/www.waechtomat.de\/","name":"W\u00c4CHTOMAT - KEGEL-INHALATOR - Werner Kegel GmbH","description":"W\u00c4CHTOMAT - KEGEL-INHALATOR - PORTIONSTR\u00c4NKE","publisher":{"@id":"https:\/\/www.waechtomat.de\/#organization"},"potentialAction":[{"@type":"SearchAction","target":{"@type":"EntryPoint","urlTemplate":"https:\/\/www.waechtomat.de\/?s={search_term_string}"},"query-input":{"@type":"PropertyValueSpecification","valueRequired":true,"valueName":"search_term_string"}}],"inLanguage":"en-US"},{"@type":"Organization","@id":"https:\/\/www.waechtomat.de\/#organization","name":"W\u00e4chtomat Werner Kegel GmbH","url":"https:\/\/www.waechtomat.de\/","logo":{"@type":"ImageObject","inLanguage":"en-US","@id":"https:\/\/www.waechtomat.de\/#\/schema\/logo\/image\/","url":"https:\/\/www.waechtomat.de\/wp-content\/uploads\/2017\/04\/K_WKGMBH_01.jpg","contentUrl":"https:\/\/www.waechtomat.de\/wp-content\/uploads\/2017\/04\/K_WKGMBH_01.jpg","width":1021,"height":800,"caption":"W\u00e4chtomat Werner Kegel GmbH"},"image":{"@id":"https:\/\/www.waechtomat.de\/#\/schema\/logo\/image\/"},"sameAs":["https:\/\/de.linkedin.com\/company\/w\u00e4chtomat-werner-kegel-gmbh"]}]}},"_links":{"self":[{"href":"https:\/\/www.waechtomat.de\/en\/wp-json\/wp\/v2\/pages\/1434","targetHints":{"allow":["GET"]}}],"collection":[{"href":"https:\/\/www.waechtomat.de\/en\/wp-json\/wp\/v2\/pages"}],"about":[{"href":"https:\/\/www.waechtomat.de\/en\/wp-json\/wp\/v2\/types\/page"}],"author":[{"embeddable":true,"href":"https:\/\/www.waechtomat.de\/en\/wp-json\/wp\/v2\/users\/1"}],"replies":[{"embeddable":true,"href":"https:\/\/www.waechtomat.de\/en\/wp-json\/wp\/v2\/comments?post=1434"}],"version-history":[{"count":5,"href":"https:\/\/www.waechtomat.de\/en\/wp-json\/wp\/v2\/pages\/1434\/revisions"}],"predecessor-version":[{"id":2081,"href":"https:\/\/www.waechtomat.de\/en\/wp-json\/wp\/v2\/pages\/1434\/revisions\/2081"}],"wp:attachment":[{"href":"https:\/\/www.waechtomat.de\/en\/wp-json\/wp\/v2\/media?parent=1434"}],"curies":[{"name":"wp","href":"https:\/\/api.w.org\/{rel}","templated":true}]}}