{"id":1492,"date":"2017-05-08T10:21:59","date_gmt":"2017-05-08T08:21:59","guid":{"rendered":"http:\/\/www.waechtomat.de\/?page_id=1492\/"},"modified":"2018-02-22T15:39:41","modified_gmt":"2018-02-22T14:39:41","slug":"components-of-the-kegel-inhaler-structure-and-function","status":"publish","type":"page","link":"https:\/\/www.waechtomat.de\/en\/the-kegel-inhaler\/components-of-the-kegel-inhaler-structure-and-function\/","title":{"rendered":"Components of the KEGEL INHALER: Structure and function"},"content":{"rendered":"<p>[et_pb_section bb_built=&#8221;1&#8243; admin_label=&#8221;section&#8221; fullwidth=&#8221;off&#8221; specialty=&#8221;off&#8221; custom_padding=&#8221;0px|||&#8221; background_color=&#8221;#ffffff&#8221; _builder_version=&#8221;3.0.105&#8243;][et_pb_row _builder_version=&#8221;3.0.105&#8243; custom_padding=&#8221;||0px|&#8221; padding_bottom_1=&#8221;10px&#8221; global_module=&#8221;2042&#8243;][et_pb_column type=&#8221;4_4&#8243;][et_pb_dmb_breadcrumbs global_parent=&#8221;2042&#8243; _builder_version=&#8221;3.0.105&#8243; use_home_text=&#8221;on&#8221; home_text=&#8221;Home&#8221; \/][\/et_pb_column][\/et_pb_row][et_pb_row admin_label=&#8221;row&#8221; parallax_method_1=&#8221;off&#8221; parallax_2=&#8221;off&#8221; parallax_method_2=&#8221;off&#8221; custom_padding=&#8221;0px||0px|&#8221; background_position=&#8221;top_left&#8221; background_repeat=&#8221;repeat&#8221; background_size=&#8221;initial&#8221; _builder_version=&#8221;3.0.105&#8243;][et_pb_column type=&#8221;4_4&#8243;][et_pb_image admin_label=&#8221;Grafik: W\u00e4chtomat&#8221; src=&#8221;https:\/\/www.waechtomat.de\/wp-content\/uploads\/2017\/03\/inhalator.jpg&#8221; show_in_lightbox=&#8221;off&#8221; url_new_window=&#8221;off&#8221; use_overlay=&#8221;off&#8221; animation=&#8221;off&#8221; sticky=&#8221;on&#8221; align=&#8221;left&#8221; force_fullwidth=&#8221;off&#8221; always_center_on_mobile=&#8221;on&#8221; use_border_color=&#8221;off&#8221; border_color=&#8221;#ffffff&#8221; border_width=&#8221;1&#8243; border_style=&#8221;solid&#8221; custom_css_main_element=&#8221;background-color:#a59469;&#8221; custom_margin=&#8221;||0px|&#8221; animation_style=&#8221;none&#8221; animation_duration=&#8221;1000ms&#8221; animation_intensity_slide=&#8221;50%&#8221; show_bottom_space=&#8221;off&#8221; \/][\/et_pb_column][\/et_pb_row][et_pb_row admin_label=&#8221;row&#8221; make_fullwidth=&#8221;off&#8221; use_custom_width=&#8221;off&#8221; width_unit=&#8221;on&#8221; custom_width_percent=&#8221;80px&#8221; use_custom_gutter=&#8221;on&#8221; allow_player_pause=&#8221;off&#8221; parallax=&#8221;off&#8221; parallax_method=&#8221;on&#8221; make_equal=&#8221;off&#8221; parallax_1=&#8221;off&#8221; parallax_method_1=&#8221;off&#8221; parallax_2=&#8221;off&#8221; parallax_method_2=&#8221;off&#8221; custom_padding=&#8221;0px||20px|&#8221; gutter_width=&#8221;1&#8243; background_color=&#8221;#d0c6af&#8221; custom_margin=&#8221;||0px|&#8221; padding_bottom_1=&#8221;0px&#8221; padding_bottom_2=&#8221;0px&#8221; padding_right_2=&#8221;30px&#8221; background_position=&#8221;top_left&#8221; background_repeat=&#8221;repeat&#8221; background_size=&#8221;initial&#8221;][et_pb_column type=&#8221;1_2&#8243;][et_pb_image admin_label=&#8221;Bild: K_KI_B02_01&#8243; src=&#8221;https:\/\/www.waechtomat.de\/wp-content\/uploads\/2017\/04\/K_KI_B02_01.jpg&#8221; show_in_lightbox=&#8221;off&#8221; url_new_window=&#8221;off&#8221; use_overlay=&#8221;off&#8221; animation=&#8221;off&#8221; sticky=&#8221;on&#8221; align=&#8221;left&#8221; force_fullwidth=&#8221;off&#8221; always_center_on_mobile=&#8221;on&#8221; use_border_color=&#8221;off&#8221; border_color=&#8221;#ffffff&#8221; border_width=&#8221;1&#8243; border_style=&#8221;solid&#8221; custom_margin=&#8221;0px|0px|0px|&#8221; animation_style=&#8221;none&#8221; animation_duration=&#8221;1000ms&#8221; animation_intensity_slide=&#8221;50%&#8221; show_bottom_space=&#8221;off&#8221; \/][\/et_pb_column][et_pb_column type=&#8221;1_2&#8243;][et_pb_text admin_label=&#8221;TEXT: The breathing mask&#8221; background_layout=&#8221;light&#8221; text_orientation=&#8221;left&#8221; header_font_size=&#8221;30&#8243; header_letter_spacing=&#8221;0&#8243; header_line_height=&#8221;1&#8243; text_letter_spacing=&#8221;0&#8243; text_line_height=&#8221;3&#8243; background_color=&#8221;#d0c6af&#8221; use_border_color=&#8221;off&#8221; border_color=&#8221;#ffffff&#8221; border_width=&#8221;1&#8243; border_style=&#8221;solid&#8221; custom_padding=&#8221;35px||0px|30px&#8221; text_font_size=&#8221;16&#8243; custom_margin=&#8221;||0px|&#8221; background_position=&#8221;top_left&#8221; background_repeat=&#8221;repeat&#8221; background_size=&#8221;initial&#8221;]<\/p>\n<h1 class=\"headline\">Components of the KEGEL INHALER:<br \/>\nStructure and function<\/h1>\n<h3><strong><span style=\"color: #000000;\">The breathing mask:<\/span><\/strong><\/h3>\n<ul class=\"symbol\">\n<li>Best possible seal for most sizes of horse<\/li>\n<li>Valve system guarantees complete exhalation of the inhalant mist<\/li>\n<li>Continuously adjustable fresh air supply<\/li>\n<li>Highest level of acceptance and therefore gentle on your horse<\/li>\n<\/ul>\n<p>[\/et_pb_text][\/et_pb_column][\/et_pb_row][et_pb_row admin_label=&#8221;row&#8221; make_fullwidth=&#8221;off&#8221; use_custom_width=&#8221;off&#8221; width_unit=&#8221;on&#8221; custom_width_percent=&#8221;80px&#8221; use_custom_gutter=&#8221;on&#8221; allow_player_pause=&#8221;off&#8221; parallax=&#8221;off&#8221; parallax_method=&#8221;on&#8221; make_equal=&#8221;off&#8221; parallax_1=&#8221;off&#8221; parallax_method_1=&#8221;off&#8221; parallax_2=&#8221;off&#8221; parallax_method_2=&#8221;off&#8221; custom_padding=&#8221;0px||20px|&#8221; gutter_width=&#8221;1&#8243; background_color=&#8221;#d0c6af&#8221; custom_margin=&#8221;||0px|&#8221; padding_bottom_1=&#8221;0px&#8221; padding_bottom_2=&#8221;20px&#8221; padding_right_2=&#8221;30px&#8221; background_position=&#8221;top_left&#8221; background_repeat=&#8221;repeat&#8221; background_size=&#8221;initial&#8221;][et_pb_column type=&#8221;1_2&#8243;][et_pb_image admin_label=&#8221;Bild: K_KI_B02_02&#8243; src=&#8221;https:\/\/www.waechtomat.de\/wp-content\/uploads\/2017\/04\/K_KI_B02_02.jpg&#8221; show_in_lightbox=&#8221;off&#8221; url_new_window=&#8221;off&#8221; use_overlay=&#8221;off&#8221; animation=&#8221;off&#8221; sticky=&#8221;on&#8221; align=&#8221;left&#8221; force_fullwidth=&#8221;off&#8221; always_center_on_mobile=&#8221;on&#8221; use_border_color=&#8221;off&#8221; border_color=&#8221;#ffffff&#8221; border_width=&#8221;1&#8243; border_style=&#8221;solid&#8221; custom_margin=&#8221;0px|0px|0px|&#8221; animation_style=&#8221;none&#8221; animation_duration=&#8221;1000ms&#8221; animation_intensity_slide=&#8221;50%&#8221; show_bottom_space=&#8221;off&#8221; \/][\/et_pb_column][et_pb_column type=&#8221;1_2&#8243;][et_pb_text admin_label=&#8221;TEXT: KU-2000: Ultrasonic atomiser &#8211; More about the KEGEL INHALER&#8221; background_layout=&#8221;light&#8221; text_orientation=&#8221;left&#8221; header_font_size=&#8221;30&#8243; header_letter_spacing=&#8221;0&#8243; header_line_height=&#8221;1&#8243; text_letter_spacing=&#8221;0&#8243; text_line_height=&#8221;3&#8243; background_color=&#8221;#d0c6af&#8221; use_border_color=&#8221;off&#8221; border_color=&#8221;#ffffff&#8221; border_width=&#8221;1&#8243; border_style=&#8221;solid&#8221; custom_padding=&#8221;35px||0px|30px&#8221; text_font_size=&#8221;16&#8243; custom_margin=&#8221;||0px|&#8221; background_position=&#8221;top_left&#8221; background_repeat=&#8221;repeat&#8221; background_size=&#8221;initial&#8221;]<\/p>\n<h3><span style=\"color: #000000;\"><strong>KU-2000: Ultrasonic atomiser<\/strong><\/span><\/h3>\n<ul class=\"symbol\">\n<li>Ultra-fine mist thanks to ultrasonic atomisation<\/li>\n<li>Droplet size down to 0.5 \u03bc<\/li>\n<li>Output: 4.5 ml\/min<\/li>\n<\/ul>\n<h3><strong><span style=\"color: #000000;\"><br \/>\nMore about the KEGEL INHALER:<\/span><\/strong><\/h3>\n<ul class=\"symbol\">\n<li><a href=\"https:\/\/www.waechtomat.de\/en\/the-kegel-inhaler\/\">The KEGEL INHALER<\/a><\/li>\n<li><a href=\"https:\/\/www.waechtomat.de\/en\/the-kegel-inhaler\/aerosol-therapy-optimum-treatment-of-respiratory-tract-infections\/\">Aerosol therapy:<br \/>\nOptimum treatment of respiratory tract infections<\/a><\/li>\n<li><a href=\"https:\/\/www.waechtomat.de\/en\/the-kegel-inhaler\/functional-and-therapy-fluids\/\">Functional and Therapy Fluids<\/a><\/li>\n<li><a href=\"https:\/\/www.waechtomat.de\/en\/the-kegel-inhaler\/kegel-inhaler-operating-instructions\/\">KEGEL INHALER operating instructions<\/a><\/li>\n<li><a href=\"https:\/\/www.waechtomat.de\/kegel-inhalator\/preisliste\/\">Price list<\/a><\/li>\n<li><a href=\"https:\/\/www.waechtomat.de\/en\/the-kegel-inhaler\/kegel-inhaler-faqs\/\">KEGEL INHALER FAQs<\/a><\/li>\n<li><strong><a href=\"https:\/\/www.waechtomat.de\/wp-content\/uploads\/2017\/03\/Prospekt-Inhalator.pdf\" target=\"_blank\" rel=\"noopener noreferrer\">Download our brochure <\/a><\/strong><\/li>\n<\/ul>\n<p>&nbsp;<\/p>\n<p>[\/et_pb_text][\/et_pb_column][\/et_pb_row][et_pb_row make_fullwidth=&#8221;off&#8221; use_custom_width=&#8221;off&#8221; width_unit=&#8221;on&#8221; custom_width_percent=&#8221;80px&#8221; use_custom_gutter=&#8221;off&#8221; custom_padding=&#8221;0px|0px|45px|0px&#8221; allow_player_pause=&#8221;off&#8221; parallax=&#8221;off&#8221; parallax_method=&#8221;on&#8221; make_equal=&#8221;off&#8221; parallax_1=&#8221;off&#8221; parallax_method_1=&#8221;off&#8221; custom_width_px=&#8221;1125px&#8221; background_position=&#8221;top_left&#8221; background_repeat=&#8221;repeat&#8221; background_size=&#8221;initial&#8221;][et_pb_column type=&#8221;4_4&#8243;][et_pb_image admin_label=&#8221;Grafik: Footer&#8221; src=&#8221;https:\/\/www.waechtomat.de\/wp-content\/uploads\/2017\/03\/footer.jpg&#8221; show_in_lightbox=&#8221;off&#8221; url_new_window=&#8221;off&#8221; use_overlay=&#8221;off&#8221; animation=&#8221;left&#8221; sticky=&#8221;off&#8221; align=&#8221;left&#8221; force_fullwidth=&#8221;on&#8221; always_center_on_mobile=&#8221;on&#8221; use_border_color=&#8221;off&#8221; border_color=&#8221;#ffffff&#8221; border_width=&#8221;1&#8243; border_style=&#8221;solid&#8221; animation_style=&#8221;slide&#8221; animation_duration=&#8221;500ms&#8221; animation_intensity_slide=&#8221;10%&#8221; animation_direction=&#8221;left&#8221; show_bottom_space=&#8221;on&#8221; \/][\/et_pb_column][\/et_pb_row][\/et_pb_section]<\/p>\n","protected":false},"excerpt":{"rendered":"<p>Components of the KEGEL INHALER: Structure and function The breathing mask: Best possible seal for most sizes of horse Valve system guarantees complete exhalation of the inhalant mist Continuously adjustable fresh air supply Highest level of acceptance and therefore gentle on your horse KU-2000: Ultrasonic atomiser Ultra-fine mist thanks to ultrasonic atomisation Droplet size down [&hellip;]<\/p>\n","protected":false},"author":1,"featured_media":0,"parent":1486,"menu_order":0,"comment_status":"closed","ping_status":"closed","template":"","meta":{"_et_pb_use_builder":"on","_et_pb_old_content":"","_et_gb_content_width":"","footnotes":""},"class_list":["post-1492","page","type-page","status-publish","hentry"],"yoast_head":"<!-- This site is optimized with the Yoast SEO plugin v27.5 - https:\/\/yoast.com\/product\/yoast-seo-wordpress\/ -->\n<title>Components of the KEGEL INHALER: Structure and function - W\u00e4chtomat Werner Kegel GmbH - Das Beste f\u00fcr Ihr Pferd<\/title>\n<meta name=\"robots\" content=\"index, follow, max-snippet:-1, max-image-preview:large, max-video-preview:-1\" \/>\n<link rel=\"canonical\" href=\"https:\/\/www.waechtomat.de\/en\/the-kegel-inhaler\/components-of-the-kegel-inhaler-structure-and-function\/\" \/>\n<meta property=\"og:locale\" content=\"en_US\" \/>\n<meta property=\"og:type\" content=\"article\" \/>\n<meta property=\"og:title\" content=\"Components of the KEGEL INHALER: Structure and function - W\u00e4chtomat Werner Kegel GmbH - Das Beste f\u00fcr Ihr Pferd\" \/>\n<meta property=\"og:description\" content=\"Components of the KEGEL INHALER: Structure and function The breathing mask: Best possible seal for most sizes of horse Valve system guarantees complete exhalation of the inhalant mist Continuously adjustable fresh air supply Highest level of acceptance and therefore gentle on your horse KU-2000: Ultrasonic atomiser Ultra-fine mist thanks to ultrasonic atomisation Droplet size down [&hellip;]\" \/>\n<meta property=\"og:url\" content=\"https:\/\/www.waechtomat.de\/en\/the-kegel-inhaler\/components-of-the-kegel-inhaler-structure-and-function\/\" \/>\n<meta property=\"og:site_name\" content=\"W\u00e4chtomat Werner Kegel GmbH - Das Beste f\u00fcr Ihr Pferd\" \/>\n<meta property=\"article:modified_time\" content=\"2018-02-22T14:39:41+00:00\" \/>\n<meta name=\"twitter:card\" content=\"summary_large_image\" \/>\n<meta name=\"twitter:label1\" content=\"Est. reading time\" \/>\n\t<meta name=\"twitter:data1\" content=\"4 minutes\" \/>\n<script type=\"application\/ld+json\" class=\"yoast-schema-graph\">{\"@context\":\"https:\\\/\\\/schema.org\",\"@graph\":[{\"@type\":\"WebPage\",\"@id\":\"https:\\\/\\\/www.waechtomat.de\\\/en\\\/the-kegel-inhaler\\\/components-of-the-kegel-inhaler-structure-and-function\\\/\",\"url\":\"https:\\\/\\\/www.waechtomat.de\\\/en\\\/the-kegel-inhaler\\\/components-of-the-kegel-inhaler-structure-and-function\\\/\",\"name\":\"Components of the KEGEL INHALER: Structure and function - W\u00e4chtomat Werner Kegel GmbH - Das Beste f\u00fcr Ihr Pferd\",\"isPartOf\":{\"@id\":\"https:\\\/\\\/www.waechtomat.de\\\/#website\"},\"datePublished\":\"2017-05-08T08:21:59+00:00\",\"dateModified\":\"2018-02-22T14:39:41+00:00\",\"breadcrumb\":{\"@id\":\"https:\\\/\\\/www.waechtomat.de\\\/en\\\/the-kegel-inhaler\\\/components-of-the-kegel-inhaler-structure-and-function\\\/#breadcrumb\"},\"inLanguage\":\"en-US\",\"potentialAction\":[{\"@type\":\"ReadAction\",\"target\":[\"https:\\\/\\\/www.waechtomat.de\\\/en\\\/the-kegel-inhaler\\\/components-of-the-kegel-inhaler-structure-and-function\\\/\"]}]},{\"@type\":\"BreadcrumbList\",\"@id\":\"https:\\\/\\\/www.waechtomat.de\\\/en\\\/the-kegel-inhaler\\\/components-of-the-kegel-inhaler-structure-and-function\\\/#breadcrumb\",\"itemListElement\":[{\"@type\":\"ListItem\",\"position\":1,\"name\":\"Startseite\",\"item\":\"https:\\\/\\\/www.waechtomat.de\\\/en\\\/\"},{\"@type\":\"ListItem\",\"position\":2,\"name\":\"The KEGEL INHALER\",\"item\":\"https:\\\/\\\/www.waechtomat.de\\\/en\\\/the-kegel-inhaler\\\/\"},{\"@type\":\"ListItem\",\"position\":3,\"name\":\"Components of the KEGEL INHALER: Structure and function\"}]},{\"@type\":\"WebSite\",\"@id\":\"https:\\\/\\\/www.waechtomat.de\\\/#website\",\"url\":\"https:\\\/\\\/www.waechtomat.de\\\/\",\"name\":\"W\u00c4CHTOMAT - KEGEL-INHALATOR - Werner Kegel GmbH\",\"description\":\"W\u00c4CHTOMAT - KEGEL-INHALATOR - PORTIONSTR\u00c4NKE\",\"publisher\":{\"@id\":\"https:\\\/\\\/www.waechtomat.de\\\/#organization\"},\"potentialAction\":[{\"@type\":\"SearchAction\",\"target\":{\"@type\":\"EntryPoint\",\"urlTemplate\":\"https:\\\/\\\/www.waechtomat.de\\\/?s={search_term_string}\"},\"query-input\":{\"@type\":\"PropertyValueSpecification\",\"valueRequired\":true,\"valueName\":\"search_term_string\"}}],\"inLanguage\":\"en-US\"},{\"@type\":\"Organization\",\"@id\":\"https:\\\/\\\/www.waechtomat.de\\\/#organization\",\"name\":\"W\u00e4chtomat Werner Kegel GmbH\",\"url\":\"https:\\\/\\\/www.waechtomat.de\\\/\",\"logo\":{\"@type\":\"ImageObject\",\"inLanguage\":\"en-US\",\"@id\":\"https:\\\/\\\/www.waechtomat.de\\\/#\\\/schema\\\/logo\\\/image\\\/\",\"url\":\"https:\\\/\\\/www.waechtomat.de\\\/wp-content\\\/uploads\\\/2017\\\/04\\\/K_WKGMBH_01.jpg\",\"contentUrl\":\"https:\\\/\\\/www.waechtomat.de\\\/wp-content\\\/uploads\\\/2017\\\/04\\\/K_WKGMBH_01.jpg\",\"width\":1021,\"height\":800,\"caption\":\"W\u00e4chtomat Werner Kegel GmbH\"},\"image\":{\"@id\":\"https:\\\/\\\/www.waechtomat.de\\\/#\\\/schema\\\/logo\\\/image\\\/\"},\"sameAs\":[\"https:\\\/\\\/de.linkedin.com\\\/company\\\/w\u00e4chtomat-werner-kegel-gmbh\"]}]}<\/script>\n<!-- \/ Yoast SEO plugin. -->","yoast_head_json":{"title":"Components of the KEGEL INHALER: Structure and function - W\u00e4chtomat Werner Kegel GmbH - Das Beste f\u00fcr Ihr Pferd","robots":{"index":"index","follow":"follow","max-snippet":"max-snippet:-1","max-image-preview":"max-image-preview:large","max-video-preview":"max-video-preview:-1"},"canonical":"https:\/\/www.waechtomat.de\/en\/the-kegel-inhaler\/components-of-the-kegel-inhaler-structure-and-function\/","og_locale":"en_US","og_type":"article","og_title":"Components of the KEGEL INHALER: Structure and function - W\u00e4chtomat Werner Kegel GmbH - Das Beste f\u00fcr Ihr Pferd","og_description":"Components of the KEGEL INHALER: Structure and function The breathing mask: Best possible seal for most sizes of horse Valve system guarantees complete exhalation of the inhalant mist Continuously adjustable fresh air supply Highest level of acceptance and therefore gentle on your horse KU-2000: Ultrasonic atomiser Ultra-fine mist thanks to ultrasonic atomisation Droplet size down [&hellip;]","og_url":"https:\/\/www.waechtomat.de\/en\/the-kegel-inhaler\/components-of-the-kegel-inhaler-structure-and-function\/","og_site_name":"W\u00e4chtomat Werner Kegel GmbH - Das Beste f\u00fcr Ihr Pferd","article_modified_time":"2018-02-22T14:39:41+00:00","twitter_card":"summary_large_image","twitter_misc":{"Est. reading time":"4 minutes"},"schema":{"@context":"https:\/\/schema.org","@graph":[{"@type":"WebPage","@id":"https:\/\/www.waechtomat.de\/en\/the-kegel-inhaler\/components-of-the-kegel-inhaler-structure-and-function\/","url":"https:\/\/www.waechtomat.de\/en\/the-kegel-inhaler\/components-of-the-kegel-inhaler-structure-and-function\/","name":"Components of the KEGEL INHALER: Structure and function - W\u00e4chtomat Werner Kegel GmbH - Das Beste f\u00fcr Ihr Pferd","isPartOf":{"@id":"https:\/\/www.waechtomat.de\/#website"},"datePublished":"2017-05-08T08:21:59+00:00","dateModified":"2018-02-22T14:39:41+00:00","breadcrumb":{"@id":"https:\/\/www.waechtomat.de\/en\/the-kegel-inhaler\/components-of-the-kegel-inhaler-structure-and-function\/#breadcrumb"},"inLanguage":"en-US","potentialAction":[{"@type":"ReadAction","target":["https:\/\/www.waechtomat.de\/en\/the-kegel-inhaler\/components-of-the-kegel-inhaler-structure-and-function\/"]}]},{"@type":"BreadcrumbList","@id":"https:\/\/www.waechtomat.de\/en\/the-kegel-inhaler\/components-of-the-kegel-inhaler-structure-and-function\/#breadcrumb","itemListElement":[{"@type":"ListItem","position":1,"name":"Startseite","item":"https:\/\/www.waechtomat.de\/en\/"},{"@type":"ListItem","position":2,"name":"The KEGEL INHALER","item":"https:\/\/www.waechtomat.de\/en\/the-kegel-inhaler\/"},{"@type":"ListItem","position":3,"name":"Components of the KEGEL INHALER: Structure and function"}]},{"@type":"WebSite","@id":"https:\/\/www.waechtomat.de\/#website","url":"https:\/\/www.waechtomat.de\/","name":"W\u00c4CHTOMAT - KEGEL-INHALATOR - Werner Kegel GmbH","description":"W\u00c4CHTOMAT - KEGEL-INHALATOR - PORTIONSTR\u00c4NKE","publisher":{"@id":"https:\/\/www.waechtomat.de\/#organization"},"potentialAction":[{"@type":"SearchAction","target":{"@type":"EntryPoint","urlTemplate":"https:\/\/www.waechtomat.de\/?s={search_term_string}"},"query-input":{"@type":"PropertyValueSpecification","valueRequired":true,"valueName":"search_term_string"}}],"inLanguage":"en-US"},{"@type":"Organization","@id":"https:\/\/www.waechtomat.de\/#organization","name":"W\u00e4chtomat Werner Kegel GmbH","url":"https:\/\/www.waechtomat.de\/","logo":{"@type":"ImageObject","inLanguage":"en-US","@id":"https:\/\/www.waechtomat.de\/#\/schema\/logo\/image\/","url":"https:\/\/www.waechtomat.de\/wp-content\/uploads\/2017\/04\/K_WKGMBH_01.jpg","contentUrl":"https:\/\/www.waechtomat.de\/wp-content\/uploads\/2017\/04\/K_WKGMBH_01.jpg","width":1021,"height":800,"caption":"W\u00e4chtomat Werner Kegel GmbH"},"image":{"@id":"https:\/\/www.waechtomat.de\/#\/schema\/logo\/image\/"},"sameAs":["https:\/\/de.linkedin.com\/company\/w\u00e4chtomat-werner-kegel-gmbh"]}]}},"_links":{"self":[{"href":"https:\/\/www.waechtomat.de\/en\/wp-json\/wp\/v2\/pages\/1492","targetHints":{"allow":["GET"]}}],"collection":[{"href":"https:\/\/www.waechtomat.de\/en\/wp-json\/wp\/v2\/pages"}],"about":[{"href":"https:\/\/www.waechtomat.de\/en\/wp-json\/wp\/v2\/types\/page"}],"author":[{"embeddable":true,"href":"https:\/\/www.waechtomat.de\/en\/wp-json\/wp\/v2\/users\/1"}],"replies":[{"embeddable":true,"href":"https:\/\/www.waechtomat.de\/en\/wp-json\/wp\/v2\/comments?post=1492"}],"version-history":[{"count":5,"href":"https:\/\/www.waechtomat.de\/en\/wp-json\/wp\/v2\/pages\/1492\/revisions"}],"predecessor-version":[{"id":2066,"href":"https:\/\/www.waechtomat.de\/en\/wp-json\/wp\/v2\/pages\/1492\/revisions\/2066"}],"up":[{"embeddable":true,"href":"https:\/\/www.waechtomat.de\/en\/wp-json\/wp\/v2\/pages\/1486"}],"wp:attachment":[{"href":"https:\/\/www.waechtomat.de\/en\/wp-json\/wp\/v2\/media?parent=1492"}],"curies":[{"name":"wp","href":"https:\/\/api.w.org\/{rel}","templated":true}]}}